{"id":713,"date":"2023-04-16T23:20:21","date_gmt":"2023-04-16T23:20:21","guid":{"rendered":"https:\/\/wrdias.com.br\/nit\/?page_id=713"},"modified":"2023-09-16T20:49:31","modified_gmt":"2023-09-16T20:49:31","slug":"caminhos-inovacao","status":"publish","type":"page","link":"https:\/\/nitrio.org.br\/?page_id=713","title":{"rendered":"Inove com o NIT-Rio"},"content":{"rendered":"\t\t<div data-elementor-type=\"wp-page\" data-elementor-id=\"713\" class=\"elementor elementor-713\" data-elementor-post-type=\"page\">\n\t\t\t\t<div class=\"elementor-element elementor-element-4fab6e1e e-flex e-con-boxed e-con e-parent\" data-id=\"4fab6e1e\" data-element_type=\"container\" data-settings=\"{&quot;background_background&quot;:&quot;classic&quot;}\">\n\t\t\t\t\t<div class=\"e-con-inner\">\n\t\t<div class=\"elementor-element elementor-element-36b1ff95 e-con-full e-flex e-con e-parent\" data-id=\"36b1ff95\" data-element_type=\"container\">\n\t\t\t\t<div class=\"elementor-element elementor-element-4a5c6974 elementor-position-left elementor-vertical-align-top elementor-widget elementor-widget-image-box\" data-id=\"4a5c6974\" data-element_type=\"widget\" data-widget_type=\"image-box.default\">\n\t\t\t\t<div class=\"elementor-widget-container\">\n\t\t\t\t\t<div class=\"elementor-image-box-wrapper\"><figure class=\"elementor-image-box-img\"><img decoding=\"async\" width=\"100\" height=\"120\" src=\"https:\/\/nitrio.org.br\/wp-content\/uploads\/2022\/05\/icon-nit.svg\" class=\"attachment-full size-full wp-image-216\" alt=\"\" \/><\/figure><div class=\"elementor-image-box-content\"><h3 class=\"elementor-image-box-title\">Inove com o NIT Rio<\/h3><\/div><\/div>\t\t\t\t<\/div>\n\t\t\t\t<\/div>\n\t\t\t\t<\/div>\n\t\t\t\t\t<\/div>\n\t\t\t\t<\/div>\n\t\t<div class=\"elementor-element elementor-element-1bec04f8 e-flex e-con-boxed e-con e-parent\" data-id=\"1bec04f8\" data-element_type=\"container\" data-settings=\"{&quot;background_background&quot;:&quot;classic&quot;}\">\n\t\t\t\t\t<div class=\"e-con-inner\">\n\t\t<div class=\"elementor-element elementor-element-3f7fc38a e-con-full e-flex e-con e-parent\" data-id=\"3f7fc38a\" data-element_type=\"container\">\n\t\t\t\t<div class=\"elementor-element elementor-element-4da82ee elementor-icon-list--layout-traditional elementor-list-item-link-full_width elementor-widget elementor-widget-icon-list\" data-id=\"4da82ee\" data-element_type=\"widget\" data-widget_type=\"icon-list.default\">\n\t\t\t\t<div class=\"elementor-widget-container\">\n\t\t\t\t\t\t\t<ul class=\"elementor-icon-list-items\">\n\t\t\t\t\t\t\t<li class=\"elementor-icon-list-item\">\n\t\t\t\t\t\t\t\t\t\t\t<span class=\"elementor-icon-list-icon\">\n\t\t\t\t\t\t\t<i aria-hidden=\"true\" class=\"far fa-lightbulb\"><\/i>\t\t\t\t\t\t<\/span>\n\t\t\t\t\t\t\t\t\t\t<span class=\"elementor-icon-list-text\">PESQUISA E DESCOBERTA<\/span>\n\t\t\t\t\t\t\t\t\t<\/li>\n\t\t\t\t\t\t<\/ul>\n\t\t\t\t\t\t<\/div>\n\t\t\t\t<\/div>\n\t\t\t\t<div class=\"elementor-element elementor-element-3d068bab elementor-widget elementor-widget-text-editor\" data-id=\"3d068bab\" data-element_type=\"widget\" data-widget_type=\"text-editor.default\">\n\t\t\t\t<div class=\"elementor-widget-container\">\n\t\t\t\t\t\t\t\t\t<p>As pesquisas cient\u00edficas e tecnol\u00f3gicas desenvolvidas nas Unidades de Pesquisa (UPs) vinculadas ao MCTI geram conhecimento cient\u00edfico de ponta que induzem o avan\u00e7o tecnol\u00f3gico e o bem-estar da sociedade. A partir desse conhecimento, novas tecnologias podem ser concebidas ou aprimorar as existentes, induzindo a inova\u00e7\u00e3o desenvolvida na ind\u00fastria e possibilitando a melhora da competitividade dos produtos e servi\u00e7os de empresas.<\/p>\t\t\t\t\t\t\t\t<\/div>\n\t\t\t\t<\/div>\n\t\t\t\t<\/div>\n\t\t\t\t\t<\/div>\n\t\t\t\t<\/div>\n\t\t<div class=\"elementor-element elementor-element-2ee5210e e-flex e-con-boxed e-con e-parent\" data-id=\"2ee5210e\" data-element_type=\"container\" data-settings=\"{&quot;background_background&quot;:&quot;classic&quot;}\">\n\t\t\t\t\t<div class=\"e-con-inner\">\n\t\t<div class=\"elementor-element elementor-element-45179aaa e-con-full e-flex e-con e-parent\" data-id=\"45179aaa\" data-element_type=\"container\">\n\t\t\t\t<div class=\"elementor-element elementor-element-9a5b648 elementor-icon-list--layout-traditional elementor-list-item-link-full_width elementor-widget elementor-widget-icon-list\" data-id=\"9a5b648\" data-element_type=\"widget\" data-widget_type=\"icon-list.default\">\n\t\t\t\t<div class=\"elementor-widget-container\">\n\t\t\t\t\t\t\t<ul class=\"elementor-icon-list-items\">\n\t\t\t\t\t\t\t<li class=\"elementor-icon-list-item\">\n\t\t\t\t\t\t\t\t\t\t\t<span class=\"elementor-icon-list-icon\">\n\t\t\t\t\t\t\t<i aria-hidden=\"true\" class=\"fas fa-comments\"><\/i>\t\t\t\t\t\t<\/span>\n\t\t\t\t\t\t\t\t\t\t<span class=\"elementor-icon-list-text\">NOTIFIQUE SUA CRIA\u00c7\u00c3O AO NIT RIO<\/span>\n\t\t\t\t\t\t\t\t\t<\/li>\n\t\t\t\t\t\t<\/ul>\n\t\t\t\t\t\t<\/div>\n\t\t\t\t<\/div>\n\t\t\t\t<div class=\"elementor-element elementor-element-2e490a94 elementor-widget elementor-widget-text-editor\" data-id=\"2e490a94\" data-element_type=\"widget\" data-widget_type=\"text-editor.default\">\n\t\t\t\t<div class=\"elementor-widget-container\">\n\t\t\t\t\t\t\t\t\t<p><span style=\"font-weight: 400;\">Se a sua ideia pode resultar em inven\u00e7\u00e3o pr\u00e1tica, entre em contato com o NIT Rio antes de divulg\u00e1-la sob a forma de artigo, p\u00f4ster, tese ou apresenta\u00e7\u00e3o oral, a fim de se certificar sobre as quest\u00f5es relacionadas \u00e0 Propriedade Intelectual e \u00e0 eventual possibilidade de dep\u00f3sito\/registro perante o <\/span>\u00a0<a href=\"https:\/\/www.gov.br\/inpi\/pt-br\" target=\"_blank\" rel=\"noopener\">Instituto Nacional da Propriedade Industrial (INPI)<\/a>.<\/p>\t\t\t\t\t\t\t\t<\/div>\n\t\t\t\t<\/div>\n\t\t\t\t<\/div>\n\t\t\t\t\t<\/div>\n\t\t\t\t<\/div>\n\t\t<div class=\"elementor-element elementor-element-3950ce63 e-flex e-con-boxed e-con e-parent\" data-id=\"3950ce63\" data-element_type=\"container\" data-settings=\"{&quot;background_background&quot;:&quot;classic&quot;}\">\n\t\t\t\t\t<div class=\"e-con-inner\">\n\t\t<div class=\"elementor-element elementor-element-30f4dafb e-con-full e-flex e-con e-parent\" data-id=\"30f4dafb\" data-element_type=\"container\">\n\t\t\t\t<div class=\"elementor-element elementor-element-4216cd70 elementor-widget__width-initial elementor-widget elementor-widget-heading\" data-id=\"4216cd70\" data-element_type=\"widget\" data-widget_type=\"heading.default\">\n\t\t\t\t<div class=\"elementor-widget-container\">\n\t\t\t\t\t<h2 class=\"elementor-heading-title elementor-size-default\">Por que notificar ao NIT Rio?<\/h2>\t\t\t\t<\/div>\n\t\t\t\t<\/div>\n\t\t\t\t<div class=\"elementor-element elementor-element-d501f05 elementor-widget__width-initial elementor-widget elementor-widget-heading\" data-id=\"d501f05\" data-element_type=\"widget\" data-widget_type=\"heading.default\">\n\t\t\t\t<div class=\"elementor-widget-container\">\n\t\t\t\t\t<h2 class=\"elementor-heading-title elementor-size-default\">\u00c9 importante que o NIT Rio conhe\u00e7a sua tecnologia, pois a sua estrutura organizacional permite:\n<\/h2>\t\t\t\t<\/div>\n\t\t\t\t<\/div>\n\t\t\t\t<div class=\"elementor-element elementor-element-25254d2b elementor-widget elementor-widget-text-editor\" data-id=\"25254d2b\" data-element_type=\"widget\" data-widget_type=\"text-editor.default\">\n\t\t\t\t<div class=\"elementor-widget-container\">\n\t\t\t\t\t\t\t\t\t<ul><li style=\"font-weight: 400;\" aria-level=\"1\">Identificar o(s) inventor(es) e titular(es) e estipular a proporcionalidade da titularidade;<\/li><li style=\"font-weight: 400;\" aria-level=\"1\"><span style=\"font-weight: 400;\">Identificar o est\u00e1gio do desenvolvimento da tecnologia;<\/span><\/li><li><span style=\"font-weight: 400;\">Analisar e opinar pela conveni\u00eancia e promo\u00e7\u00e3o da prote\u00e7\u00e3o das cria\u00e7\u00f5es desenvolvidas, al\u00e9m da divulga\u00e7\u00e3o das cria\u00e7\u00f5es pass\u00edveis de prote\u00e7\u00e3o intelectual, atendendo ao previsto na<\/span> <a href=\"http:\/\/www.planalto.gov.br\/ccivil_03\/_ato2004-2006\/2004\/lei\/l10.973.htm\" target=\"_blank\" rel=\"noopener\">Lei de Inova\u00e7\u00e3o<\/a>;<\/li><li style=\"font-weight: 400;\" aria-level=\"1\"><span style=\"font-weight: 400;\">Orientar a institui\u00e7\u00e3o e o pesquisador sobre a viabilidade econ\u00f4mica e potencial de mercado para a PD&amp;I.<\/span><\/li><\/ul>\t\t\t\t\t\t\t\t<\/div>\n\t\t\t\t<\/div>\n\t\t\t\t<\/div>\n\t\t\t\t\t<\/div>\n\t\t\t\t<\/div>\n\t\t<div class=\"elementor-element elementor-element-ee35cbd e-transform e-flex e-con-boxed e-con e-parent\" data-id=\"ee35cbd\" data-element_type=\"container\" data-settings=\"{&quot;background_background&quot;:&quot;classic&quot;,&quot;shape_divider_top&quot;:&quot;waves&quot;,&quot;_transform_scale_effect&quot;:{&quot;unit&quot;:&quot;px&quot;,&quot;size&quot;:&quot;&quot;,&quot;sizes&quot;:[]},&quot;_transform_scale_effect_tablet&quot;:{&quot;unit&quot;:&quot;px&quot;,&quot;size&quot;:&quot;&quot;,&quot;sizes&quot;:[]},&quot;_transform_scale_effect_mobile&quot;:{&quot;unit&quot;:&quot;px&quot;,&quot;size&quot;:&quot;&quot;,&quot;sizes&quot;:[]}}\">\n\t\t\t\t\t<div class=\"e-con-inner\">\n\t\t\t\t<div class=\"elementor-shape elementor-shape-top\" aria-hidden=\"true\" data-negative=\"false\">\n\t\t\t<svg xmlns=\"http:\/\/www.w3.org\/2000\/svg\" viewBox=\"0 0 1000 100\" preserveAspectRatio=\"none\">\n\t<path class=\"elementor-shape-fill\" d=\"M421.9,6.5c22.6-2.5,51.5,0.4,75.5,5.3c23.6,4.9,70.9,23.5,100.5,35.7c75.8,32.2,133.7,44.5,192.6,49.7\n\tc23.6,2.1,48.7,3.5,103.4-2.5c54.7-6,106.2-25.6,106.2-25.6V0H0v30.3c0,0,72,32.6,158.4,30.5c39.2-0.7,92.8-6.7,134-22.4\n\tc21.2-8.1,52.2-18.2,79.7-24.2C399.3,7.9,411.6,7.5,421.9,6.5z\"\/>\n<\/svg>\t\t<\/div>\n\t\t<div class=\"elementor-element elementor-element-8a76056 e-con-full e-flex e-con e-parent\" data-id=\"8a76056\" data-element_type=\"container\">\n\t\t\t\t<div class=\"elementor-element elementor-element-4ec9a03 elementor-icon-list--layout-traditional elementor-list-item-link-full_width elementor-widget elementor-widget-icon-list\" data-id=\"4ec9a03\" data-element_type=\"widget\" data-widget_type=\"icon-list.default\">\n\t\t\t\t<div class=\"elementor-widget-container\">\n\t\t\t\t\t\t\t<ul class=\"elementor-icon-list-items\">\n\t\t\t\t\t\t\t<li class=\"elementor-icon-list-item\">\n\t\t\t\t\t\t\t\t\t\t\t<span class=\"elementor-icon-list-icon\">\n\t\t\t\t\t\t\t<i aria-hidden=\"true\" class=\"far fa-edit\"><\/i>\t\t\t\t\t\t<\/span>\n\t\t\t\t\t\t\t\t\t\t<span class=\"elementor-icon-list-text\">REGISTRO DA PROPRIEDADE INTELECTUAL<\/span>\n\t\t\t\t\t\t\t\t\t<\/li>\n\t\t\t\t\t\t<\/ul>\n\t\t\t\t\t\t<\/div>\n\t\t\t\t<\/div>\n\t\t\t\t<div class=\"elementor-element elementor-element-0b4c22d elementor-widget elementor-widget-text-editor\" data-id=\"0b4c22d\" data-element_type=\"widget\" data-widget_type=\"text-editor.default\">\n\t\t\t\t<div class=\"elementor-widget-container\">\n\t\t\t\t\t\t\t\t\t<p><span style=\"font-weight: 400;\">Caso a Unidade de Pesquisa decida pela conveni\u00eancia de proteger a cria\u00e7\u00e3o apresentada pelo pesquisador, o NIT Rio auxiliar\u00e1 na prepara\u00e7\u00e3o da documenta\u00e7\u00e3o t\u00e9cnica para encaminhamento do pedido de dep\u00f3sito\/registro junto ao<\/span> <a href=\"https:\/\/www.gov.br\/inpi\/pt-br\" target=\"_blank\" rel=\"noopener\">INPI<\/a>.<\/p><p><span style=\"font-weight: 400;\">Ap\u00f3s o dep\u00f3sito\/registro, o NIT Rio promover\u00e1 a manuten\u00e7\u00e3o dos t\u00edtulos de propriedade intelectual, atendendo a todas as demandas administrativas e judiciais necess\u00e1rias at\u00e9 a sua concess\u00e3o.<\/span><\/p>\t\t\t\t\t\t\t\t<\/div>\n\t\t\t\t<\/div>\n\t\t\t\t<div class=\"elementor-element elementor-element-f939f4f elementor-icon-list--layout-traditional elementor-list-item-link-full_width elementor-widget elementor-widget-icon-list\" data-id=\"f939f4f\" data-element_type=\"widget\" data-widget_type=\"icon-list.default\">\n\t\t\t\t<div class=\"elementor-widget-container\">\n\t\t\t\t\t\t\t<ul class=\"elementor-icon-list-items\">\n\t\t\t\t\t\t\t<li class=\"elementor-icon-list-item\">\n\t\t\t\t\t\t\t\t\t\t\t<span class=\"elementor-icon-list-icon\">\n\t\t\t\t\t\t\t<i aria-hidden=\"true\" class=\"fas fa-map-marked-alt\"><\/i>\t\t\t\t\t\t<\/span>\n\t\t\t\t\t\t\t\t\t\t<span class=\"elementor-icon-list-text\">MAPEAMENTO E DIVULGA\u00c7\u00c3O DA TECNOLOGIA<\/span>\n\t\t\t\t\t\t\t\t\t<\/li>\n\t\t\t\t\t\t<\/ul>\n\t\t\t\t\t\t<\/div>\n\t\t\t\t<\/div>\n\t\t\t\t<div class=\"elementor-element elementor-element-41de983 elementor-widget elementor-widget-text-editor\" data-id=\"41de983\" data-element_type=\"widget\" data-widget_type=\"text-editor.default\">\n\t\t\t\t<div class=\"elementor-widget-container\">\n\t\t\t\t\t\t\t\t\t<p><span style=\"font-weight: 400;\">Ap\u00f3s a prote\u00e7\u00e3o do ativo, o NIT Rio <\/span><span style=\"font-weight: 400;\">realizar\u00e1 <\/span><span style=\"font-weight: 400;\">estudos de intelig\u00eancia competitiva no campo da propriedade intelectual, de forma a orientar as a\u00e7\u00f5es de inova\u00e7\u00e3o, <\/span><span style=\"font-weight: 400;\">por meio da <\/span><span style=\"font-weight: 400;\">an\u00e1lise das estrat\u00e9gias comerciais adequadas \u00e0 sua inven\u00e7\u00e3o. O NIT Rio utiliza canais especializados de divulga\u00e7\u00e3o para promover a pesquisa ou a tecnologia e buscar parcerias para PD&amp;I ou transfer\u00eancia tecnol\u00f3gica.<\/span><\/p><p><span style=\"font-weight: 400;\">Para isso, \u00e9 aconselh\u00e1vel preencher os formul\u00e1rios presentes na se\u00e7\u00e3o <\/span><a href=\"https:\/\/nitrio.org.br\/?page_id=1685\"><b>Propriedade Intelectual<\/b><\/a><span style=\"font-weight: 400;\">. Neste documento o pesquisador notificar\u00e1 o NIT Rio sobre sua cria\u00e7\u00e3o e prestar\u00e1 informa\u00e7\u00f5es essenciais para que nossa equipe possa tra\u00e7ar a melhor estrat\u00e9gia de prote\u00e7\u00e3o dos ativos desenvolvidos no \u00e2mbito da pesquisa.<\/span><\/p><p><span style=\"font-weight: 400;\">Para saber mais sobre as atribui\u00e7\u00f5es do NIT Rio<\/span><span style=\"font-weight: 400;\">, acesse nossa<\/span><span style=\"font-weight: 400;\"> p\u00e1gina <\/span><a href=\"https:\/\/nitrio.org.br\/?page_id=1422\"><b>Vis\u00e3o geral<\/b><\/a><span style=\"font-weight: 400;\">.<\/span><\/p>\t\t\t\t\t\t\t\t<\/div>\n\t\t\t\t<\/div>\n\t\t\t\t<\/div>\n\t\t\t\t\t<\/div>\n\t\t\t\t<\/div>\n\t\t\t\t<\/div>\n\t\t","protected":false},"excerpt":{"rendered":"<p>Inove com o NIT Rio PESQUISA E DESCOBERTA As pesquisas cient\u00edficas e tecnol\u00f3gicas desenvolvidas nas Unidades de Pesquisa (UPs) vinculadas ao MCTI geram conhecimento cient\u00edfico de ponta que induzem o avan\u00e7o tecnol\u00f3gico e o bem-estar da sociedade. A partir desse conhecimento, novas tecnologias podem ser concebidas ou aprimorar as existentes, induzindo a inova\u00e7\u00e3o desenvolvida na [&hellip;]<\/p>\n","protected":false},"author":6,"featured_media":0,"parent":0,"menu_order":0,"comment_status":"closed","ping_status":"closed","template":"elementor_header_footer","meta":{"footnotes":""},"class_list":["post-713","page","type-page","status-publish","hentry"],"_links":{"self":[{"href":"https:\/\/nitrio.org.br\/index.php?rest_route=\/wp\/v2\/pages\/713","targetHints":{"allow":["GET"]}}],"collection":[{"href":"https:\/\/nitrio.org.br\/index.php?rest_route=\/wp\/v2\/pages"}],"about":[{"href":"https:\/\/nitrio.org.br\/index.php?rest_route=\/wp\/v2\/types\/page"}],"author":[{"embeddable":true,"href":"https:\/\/nitrio.org.br\/index.php?rest_route=\/wp\/v2\/users\/6"}],"replies":[{"embeddable":true,"href":"https:\/\/nitrio.org.br\/index.php?rest_route=%2Fwp%2Fv2%2Fcomments&post=713"}],"version-history":[{"count":79,"href":"https:\/\/nitrio.org.br\/index.php?rest_route=\/wp\/v2\/pages\/713\/revisions"}],"predecessor-version":[{"id":3684,"href":"https:\/\/nitrio.org.br\/index.php?rest_route=\/wp\/v2\/pages\/713\/revisions\/3684"}],"wp:attachment":[{"href":"https:\/\/nitrio.org.br\/index.php?rest_route=%2Fwp%2Fv2%2Fmedia&parent=713"}],"curies":[{"name":"wp","href":"https:\/\/api.w.org\/{rel}","templated":true}]}}