{"id":593,"date":"2023-04-14T00:34:34","date_gmt":"2023-04-14T00:34:34","guid":{"rendered":"https:\/\/wrdias.com.br\/nit\/?page_id=593"},"modified":"2023-09-16T21:35:37","modified_gmt":"2023-09-16T21:35:37","slug":"empreendedorismo","status":"publish","type":"page","link":"https:\/\/nitrio.org.br\/?page_id=593","title":{"rendered":"Empreendedorismo"},"content":{"rendered":"\t\t<div data-elementor-type=\"wp-page\" data-elementor-id=\"593\" class=\"elementor elementor-593\" data-elementor-post-type=\"page\">\n\t\t\t\t<div class=\"elementor-element elementor-element-4c8210b6 e-flex e-con-boxed e-con e-parent\" data-id=\"4c8210b6\" data-element_type=\"container\" data-settings=\"{&quot;background_background&quot;:&quot;classic&quot;}\">\n\t\t\t\t\t<div class=\"e-con-inner\">\n\t\t<div class=\"elementor-element elementor-element-2ac08015 e-con-full e-flex e-con e-parent\" data-id=\"2ac08015\" data-element_type=\"container\">\n\t\t\t\t<div class=\"elementor-element elementor-element-1a0c4e2d elementor-position-left elementor-vertical-align-top elementor-widget elementor-widget-image-box\" data-id=\"1a0c4e2d\" data-element_type=\"widget\" data-widget_type=\"image-box.default\">\n\t\t\t\t<div class=\"elementor-widget-container\">\n\t\t\t\t\t<div class=\"elementor-image-box-wrapper\"><figure class=\"elementor-image-box-img\"><img decoding=\"async\" width=\"100\" height=\"120\" src=\"https:\/\/nitrio.org.br\/wp-content\/uploads\/2022\/05\/icon-nit.svg\" class=\"attachment-full size-full wp-image-216\" alt=\"\" \/><\/figure><div class=\"elementor-image-box-content\"><h3 class=\"elementor-image-box-title\">Empreendedorismo<\/h3><\/div><\/div>\t\t\t\t<\/div>\n\t\t\t\t<\/div>\n\t\t\t\t<\/div>\n\t\t\t\t\t<\/div>\n\t\t\t\t<\/div>\n\t\t<div class=\"elementor-element elementor-element-23d212ef e-flex e-con-boxed e-con e-parent\" data-id=\"23d212ef\" data-element_type=\"container\" data-settings=\"{&quot;background_background&quot;:&quot;classic&quot;}\">\n\t\t\t\t\t<div class=\"e-con-inner\">\n\t\t<div class=\"elementor-element elementor-element-523988a2 e-con-full e-flex e-con e-parent\" data-id=\"523988a2\" data-element_type=\"container\">\n\t\t\t\t<div class=\"elementor-element elementor-element-1be386d1 elementor-widget__width-initial elementor-widget elementor-widget-text-editor\" data-id=\"1be386d1\" data-element_type=\"widget\" data-widget_type=\"text-editor.default\">\n\t\t\t\t<div class=\"elementor-widget-container\">\n\t\t\t\t\t\t\t\t\t<p><span style=\"font-weight: 400;\">Empreendedorismo \u00e9 a capacidade e disposi\u00e7\u00e3o para identificar oportunidades de criar coisas novas que promovam inova\u00e7\u00f5es para a sociedade, gerando ao pa\u00eds um diferencial competitivo. O NIT Rio atua na capacita\u00e7\u00e3o empreendedora de pesquisadores, t\u00e9cnicos, bolsistas e alunos de p\u00f3s-gradua\u00e7\u00e3o para iniciar um neg\u00f3cio pr\u00f3prio a partir de seus projetos cient\u00edficos.<\/span><\/p><p>Empreender \u00e9 uma iniciativa de criar neg\u00f3cios ou de promover mudan\u00e7as em empresas j\u00e1 existentes. Este \u00e9 um termo bastante usado no setor produtivo e, muitas vezes, est\u00e1 relacionado ao desenvolvimento de solu\u00e7\u00f5es a partir de um problema observado, que pode resultar na cria\u00e7\u00e3o de uma empresa ou na inser\u00e7\u00e3o de novos produtos\/servi\u00e7os no mercado, impactando as rela\u00e7\u00f5es de consumo.<\/p>\t\t\t\t\t\t\t\t<\/div>\n\t\t\t\t<\/div>\n\t\t\t\t<\/div>\n\t\t\t\t\t<\/div>\n\t\t\t\t<\/div>\n\t\t<div class=\"elementor-element elementor-element-2573e396 e-flex e-con-boxed e-con e-parent\" data-id=\"2573e396\" data-element_type=\"container\" data-settings=\"{&quot;background_background&quot;:&quot;classic&quot;}\">\n\t\t\t\t\t<div class=\"e-con-inner\">\n\t\t<div class=\"elementor-element elementor-element-325fb845 e-con-full e-flex e-con e-parent\" data-id=\"325fb845\" data-element_type=\"container\">\n\t\t\t\t<div class=\"elementor-element elementor-element-52d798ad elementor-widget elementor-widget-heading\" data-id=\"52d798ad\" data-element_type=\"widget\" data-widget_type=\"heading.default\">\n\t\t\t\t<div class=\"elementor-widget-container\">\n\t\t\t\t\t<h2 class=\"elementor-heading-title elementor-size-default\">EMPREENDEDORISMO CIENT\u00cdFICO<\/h2>\t\t\t\t<\/div>\n\t\t\t\t<\/div>\n\t\t\t\t<div class=\"elementor-element elementor-element-13cd164d elementor-widget elementor-widget-text-editor\" data-id=\"13cd164d\" data-element_type=\"widget\" data-widget_type=\"text-editor.default\">\n\t\t\t\t<div class=\"elementor-widget-container\">\n\t\t\t\t\t\t\t\t\t<p><span style=\"font-weight: 400;\">Uma das tend\u00eancias silenciosas do empreendedorismo \u00e9 o Empreendedorismo Cient\u00edfico.<\/span><\/p><p><span style=\"font-weight: 400;\">Impulsionados, por um lado, pelas boas ideias e, por outro, pela necessidade de alternativa \u00e0s bolsas <\/span><span style=\"font-weight: 400;\">de estudo<\/span><span style=\"font-weight: 400;\">, jovens cientistas e pesquisadores buscam cada vez mais o desenvolvimento de projetos que ajudem a financiar novas oportunidades profissionais. Um curso de p\u00f3s-gradua\u00e7\u00e3o ou um emprego na ind\u00fastria n\u00e3o s\u00e3o os \u00fanicos caminhos poss\u00edveis. Alguns empres\u00e1rios de sucesso mostram que \u00e9 poss\u00edvel fazer parte do mundo das publica\u00e7\u00f5es cient\u00edficas e, ao mesmo tempo, comercializar suas descobertas.<\/span><\/p><p><span style=\"font-weight: 400;\">De acordo com a <\/span><a href=\"http:\/\/www.planalto.gov.br\/ccivil_03\/_ato2004-2006\/2004\/lei\/l10.973.htm\"><b>Lei de Inova\u00e7\u00e3o<\/b><\/a><span style=\"font-weight: 400;\">, a promo\u00e7\u00e3o de ambiente prop\u00edcio para o nascimento de empresas \u00e9 um dos objetivos dos N\u00facleos de Inova\u00e7\u00e3o Tecnol\u00f3gica \u2013 NITs. Por meio do empreendedorismo, \u00e9 poss\u00edvel desenvolver novas compet\u00eancias para a cria\u00e7\u00e3o de startups ou spin-offs acad\u00eamicas <\/span><span style=\"font-weight: 400;\">a partir dos<\/span><span style=\"font-weight: 400;\"> projetos<\/span> <span style=\"font-weight: 400;\">com base na ci\u00eancia, <\/span><span style=\"font-weight: 400;\">por\u00e9m direcionados \u00e0s <\/span><span style=\"font-weight: 400;\">necessidades da sociedade.<\/span><\/p>\t\t\t\t\t\t\t\t<\/div>\n\t\t\t\t<\/div>\n\t\t\t\t<\/div>\n\t\t\t\t\t<\/div>\n\t\t\t\t<\/div>\n\t\t<div class=\"elementor-element elementor-element-fd4141e e-flex e-con-boxed e-con e-parent\" data-id=\"fd4141e\" data-element_type=\"container\" data-settings=\"{&quot;background_background&quot;:&quot;classic&quot;,&quot;shape_divider_top&quot;:&quot;wave-brush&quot;}\">\n\t\t\t\t\t<div class=\"e-con-inner\">\n\t\t\t\t<div class=\"elementor-shape elementor-shape-top\" aria-hidden=\"true\" data-negative=\"false\">\n\t\t\t<svg xmlns=\"http:\/\/www.w3.org\/2000\/svg\" viewBox=\"0 0 283.5 27.8\" preserveAspectRatio=\"none\">\n\t<path class=\"elementor-shape-fill\" d=\"M283.5,9.7c0,0-7.3,4.3-14,4.6c-6.8,0.3-12.6,0-20.9-1.5c-11.3-2-33.1-10.1-44.7-5.7\ts-12.1,4.6-18,7.4c-6.6,3.2-20,9.6-36.6,9.3C131.6,23.5,99.5,7.2,86.3,8c-1.4,0.1-6.6,0.8-10.5,2c-3.8,1.2-9.4,3.8-17,4.7\tc-3.2,0.4-8.3,1.1-14.2,0.9c-1.5-0.1-6.3-0.4-12-1.6c-5.7-1.2-11-3.1-15.8-3.7C6.5,9.2,0,10.8,0,10.8V0h283.5V9.7z M260.8,11.3\tc-0.7-1-2-0.4-4.3-0.4c-2.3,0-6.1-1.2-5.8-1.1c0.3,0.1,3.1,1.5,6,1.9C259.7,12.2,261.4,12.3,260.8,11.3z M242.4,8.6\tc0,0-2.4-0.2-5.6-0.9c-3.2-0.8-10.3-2.8-15.1-3.5c-8.2-1.1-15.8,0-15.1,0.1c0.8,0.1,9.6-0.6,17.6,1.1c3.3,0.7,9.3,2.2,12.4,2.7\tC239.9,8.7,242.4,8.6,242.4,8.6z M185.2,8.5c1.7-0.7-13.3,4.7-18.5,6.1c-2.1,0.6-6.2,1.6-10,2c-3.9,0.4-8.9,0.4-8.8,0.5\tc0,0.2,5.8,0.8,11.2,0c5.4-0.8,5.2-1.1,7.6-1.6C170.5,14.7,183.5,9.2,185.2,8.5z M199.1,6.9c0.2,0-0.8-0.4-4.8,1.1\tc-4,1.5-6.7,3.5-6.9,3.7c-0.2,0.1,3.5-1.8,6.6-3C197,7.5,199,6.9,199.1,6.9z M283,6c-0.1,0.1-1.9,1.1-4.8,2.5s-6.9,2.8-6.7,2.7\tc0.2,0,3.5-0.6,7.4-2.5C282.8,6.8,283.1,5.9,283,6z M31.3,11.6c0.1-0.2-1.9-0.2-4.5-1.2s-5.4-1.6-7.8-2C15,7.6,7.3,8.5,7.7,8.6\tC8,8.7,15.9,8.3,20.2,9.3c2.2,0.5,2.4,0.5,5.7,1.6S31.2,11.9,31.3,11.6z M73,9.2c0.4-0.1,3.5-1.6,8.4-2.6c4.9-1.1,8.9-0.5,8.9-0.8\tc0-0.3-1-0.9-6.2-0.3S72.6,9.3,73,9.2z M71.6,6.7C71.8,6.8,75,5.4,77.3,5c2.3-0.3,1.9-0.5,1.9-0.6c0-0.1-1.1-0.2-2.7,0.2\tC74.8,5.1,71.4,6.6,71.6,6.7z M93.6,4.4c0.1,0.2,3.5,0.8,5.6,1.8c2.1,1,1.8,0.6,1.9,0.5c0.1-0.1-0.8-0.8-2.4-1.3\tC97.1,4.8,93.5,4.2,93.6,4.4z M65.4,11.1c-0.1,0.3,0.3,0.5,1.9-0.2s2.6-1.3,2.2-1.2s-0.9,0.4-2.5,0.8C65.3,10.9,65.5,10.8,65.4,11.1\tz M34.5,12.4c-0.2,0,2.1,0.8,3.3,0.9c1.2,0.1,2,0.1,2-0.2c0-0.3-0.1-0.5-1.6-0.4C36.6,12.8,34.7,12.4,34.5,12.4z M152.2,21.1\tc-0.1,0.1-2.4-0.3-7.5-0.3c-5,0-13.6-2.4-17.2-3.5c-3.6-1.1,10,3.9,16.5,4.1C150.5,21.6,152.3,21,152.2,21.1z\"\/>\n\t<path class=\"elementor-shape-fill\" d=\"M269.6,18c-0.1-0.1-4.6,0.3-7.2,0c-7.3-0.7-17-3.2-16.6-2.9c0.4,0.3,13.7,3.1,17,3.3\tC267.7,18.8,269.7,18,269.6,18z\"\/>\n\t<path class=\"elementor-shape-fill\" d=\"M227.4,9.8c-0.2-0.1-4.5-1-9.5-1.2c-5-0.2-12.7,0.6-12.3,0.5c0.3-0.1,5.9-1.8,13.3-1.2\tS227.6,9.9,227.4,9.8z\"\/>\n\t<path class=\"elementor-shape-fill\" d=\"M204.5,13.4c-0.1-0.1,2-1,3.2-1.1c1.2-0.1,2,0,2,0.3c0,0.3-0.1,0.5-1.6,0.4\tC206.4,12.9,204.6,13.5,204.5,13.4z\"\/>\n\t<path class=\"elementor-shape-fill\" d=\"M201,10.6c0-0.1-4.4,1.2-6.3,2.2c-1.9,0.9-6.2,3.1-6.1,3.1c0.1,0.1,4.2-1.6,6.3-2.6\tS201,10.7,201,10.6z\"\/>\n\t<path class=\"elementor-shape-fill\" d=\"M154.5,26.7c-0.1-0.1-4.6,0.3-7.2,0c-7.3-0.7-17-3.2-16.6-2.9c0.4,0.3,13.7,3.1,17,3.3\tC152.6,27.5,154.6,26.8,154.5,26.7z\"\/>\n\t<path class=\"elementor-shape-fill\" d=\"M41.9,19.3c0,0,1.2-0.3,2.9-0.1c1.7,0.2,5.8,0.9,8.2,0.7c4.2-0.4,7.4-2.7,7-2.6\tc-0.4,0-4.3,2.2-8.6,1.9c-1.8-0.1-5.1-0.5-6.7-0.4S41.9,19.3,41.9,19.3z\"\/>\n\t<path class=\"elementor-shape-fill\" d=\"M75.5,12.6c0.2,0.1,2-0.8,4.3-1.1c2.3-0.2,2.1-0.3,2.1-0.5c0-0.1-1.8-0.4-3.4,0\tC76.9,11.5,75.3,12.5,75.5,12.6z\"\/>\n\t<path class=\"elementor-shape-fill\" d=\"M15.6,13.2c0-0.1,4.3,0,6.7,0.5c2.4,0.5,5,1.9,5,2c0,0.1-2.7-0.8-5.1-1.4\tC19.9,13.7,15.7,13.3,15.6,13.2z\"\/>\n<\/svg>\t\t<\/div>\n\t\t<div class=\"elementor-element elementor-element-a2690cf e-con-full e-flex e-con e-parent\" data-id=\"a2690cf\" data-element_type=\"container\">\n\t\t\t\t<div class=\"elementor-element elementor-element-8c2869a elementor-widget__width-initial elementor-widget elementor-widget-heading\" data-id=\"8c2869a\" data-element_type=\"widget\" data-widget_type=\"heading.default\">\n\t\t\t\t<div class=\"elementor-widget-container\">\n\t\t\t\t\t<h2 class=\"elementor-heading-title elementor-size-default\">O NIT RIO E O EMPREENDEDORISMO<\/h2>\t\t\t\t<\/div>\n\t\t\t\t<\/div>\n\t\t\t\t<div class=\"elementor-element elementor-element-f2feb5b elementor-widget elementor-widget-text-editor\" data-id=\"f2feb5b\" data-element_type=\"widget\" data-widget_type=\"text-editor.default\">\n\t\t\t\t<div class=\"elementor-widget-container\">\n\t\t\t\t\t\t\t\t\t<p><span style=\"font-weight: 400;\">O NIT Rio atua na capacita\u00e7\u00e3o de jovens pesquisadores, bolsistas e alunos de p\u00f3s-gradua\u00e7\u00e3o para formarem sua pr\u00f3pria empresa ou desenvolverem a capacidade de realizar neg\u00f3cios, preparando-os para atuarem estrategicamente em mercados nos quais a tecnologia (inovadora ou vantajosa em termos econ\u00f4micos) se insere.<\/span><\/p><p><span style=\"font-weight: 400;\">Os eixos principais de atua\u00e7\u00e3o do NIT Rio para a promo\u00e7\u00e3o do empreendedorismo s\u00e3o:<\/span><\/p><ul><li style=\"font-weight: 400;\" aria-level=\"1\"><span style=\"font-weight: 400;\">Assessoria nos mecanismos legais para cria\u00e7\u00e3o de startups e spin-offs no meio acad\u00eamico;<\/span><\/li><li style=\"font-weight: 400;\" aria-level=\"1\"><span style=\"font-weight: 400;\">Apoio na produ\u00e7\u00e3o de material de divulga\u00e7\u00e3o das spin-offs acad\u00eamicas;<\/span><\/li><li style=\"font-weight: 400;\" aria-level=\"1\"><span style=\"font-weight: 400;\">Workshops, oficinas de empreendedorismo, palestras em parceria com profissionais do mercado;<\/span><\/li><li style=\"font-weight: 400;\" aria-level=\"1\"><span style=\"font-weight: 400;\">Organiza\u00e7\u00e3o de rodadas de negocia\u00e7\u00e3o em parceria com ind\u00fastrias para desenvolvimento de solu\u00e7\u00f5es de alta tecnologia.<\/span><\/li><\/ul><p><span style=\"font-weight: 400;\">O Programa Cientista Empreendedor, criado e apoiado pelo NIT Rio, tem um canal no YouTube para divulgar e estimular uma nova cultura no ambiente acad\u00eamico, abordando t\u00f3picos relacionados a neg\u00f3cios, Lei de Inova\u00e7\u00e3o e Propriedade Intelectual.<\/span><\/p><p><span style=\"font-weight: 400;\">Acesse <\/span><a href=\"https:\/\/www.youtube.com\/channel\/UCTEftYbq1P6f0DQHeRAoUhg\"><b>aqui<\/b><\/a><span style=\"font-weight: 400;\"> para conhecer nosso canal!<\/span><\/p><p>\u201cCom o aux\u00edlio do NIT Rio tenha insights de como transformar suas ideias em neg\u00f3cios. Empreendedorismo \u00e9 a chave para identificar oportunidades e criar algo novo que beneficie a sociedade e impulsione a competitividade do pa\u00eds. N\u00f3s capacitamos pesquisadores, t\u00e9cnicos, bolsistas e alunos de p\u00f3s-gradua\u00e7\u00e3o para transformar seus projetos cient\u00edficos em empreendimentos de sucesso.\u201d<\/p>\t\t\t\t\t\t\t\t<\/div>\n\t\t\t\t<\/div>\n\t\t\t\t<div class=\"elementor-element elementor-element-c17db98 elementor-widget elementor-widget-text-editor\" data-id=\"c17db98\" data-element_type=\"widget\" data-widget_type=\"text-editor.default\">\n\t\t\t\t<div class=\"elementor-widget-container\">\n\t\t\t\t\t\t\t\t\t<p>Se voc\u00ea tem vontade de incubar seu projeto em uma das Unidades de Pesquisa vinculadas ao NIT Rio, conhe\u00e7a a <span data-inline-card=\"true\" data-card-url=\"http:\/\/www.incubadora.lncc.br\/\"><span class=\"loader-wrapper\"><span aria-expanded=\"false\" aria-haspopup=\"true\" data-testid=\"hover-card-trigger-wrapper\"><a class=\"css-1n28348 eeajecn1\" tabindex=\"0\" role=\"button\" href=\"http:\/\/www.incubadora.lncc.br\/\" target=\"_blank\" rel=\"noopener\" data-testid=\"inline-card-resolved-view\"><span class=\"css-1h3cbh4 e158gagu6\" data-testid=\"inline-card-icon-and-title\"><span class=\"smart-link-title-wrapper css-0 e158gagu0\">Incubadora LNCC.<\/span><\/span><\/a><\/span><\/span><\/span><\/p>\t\t\t\t\t\t\t\t<\/div>\n\t\t\t\t<\/div>\n\t\t\t\t<\/div>\n\t\t\t\t\t<\/div>\n\t\t\t\t<\/div>\n\t\t\t\t<\/div>\n\t\t","protected":false},"excerpt":{"rendered":"<p>Empreendedorismo Empreendedorismo \u00e9 a capacidade e disposi\u00e7\u00e3o para identificar oportunidades de criar coisas novas que promovam inova\u00e7\u00f5es para a sociedade, gerando ao pa\u00eds um diferencial competitivo. O NIT Rio atua na capacita\u00e7\u00e3o empreendedora de pesquisadores, t\u00e9cnicos, bolsistas e alunos de p\u00f3s-gradua\u00e7\u00e3o para iniciar um neg\u00f3cio pr\u00f3prio a partir de seus projetos cient\u00edficos. Empreender \u00e9 uma [&hellip;]<\/p>\n","protected":false},"author":6,"featured_media":0,"parent":0,"menu_order":0,"comment_status":"closed","ping_status":"closed","template":"elementor_header_footer","meta":{"footnotes":""},"class_list":["post-593","page","type-page","status-publish","hentry"],"_links":{"self":[{"href":"https:\/\/nitrio.org.br\/index.php?rest_route=\/wp\/v2\/pages\/593","targetHints":{"allow":["GET"]}}],"collection":[{"href":"https:\/\/nitrio.org.br\/index.php?rest_route=\/wp\/v2\/pages"}],"about":[{"href":"https:\/\/nitrio.org.br\/index.php?rest_route=\/wp\/v2\/types\/page"}],"author":[{"embeddable":true,"href":"https:\/\/nitrio.org.br\/index.php?rest_route=\/wp\/v2\/users\/6"}],"replies":[{"embeddable":true,"href":"https:\/\/nitrio.org.br\/index.php?rest_route=%2Fwp%2Fv2%2Fcomments&post=593"}],"version-history":[{"count":68,"href":"https:\/\/nitrio.org.br\/index.php?rest_route=\/wp\/v2\/pages\/593\/revisions"}],"predecessor-version":[{"id":3759,"href":"https:\/\/nitrio.org.br\/index.php?rest_route=\/wp\/v2\/pages\/593\/revisions\/3759"}],"wp:attachment":[{"href":"https:\/\/nitrio.org.br\/index.php?rest_route=%2Fwp%2Fv2%2Fmedia&parent=593"}],"curies":[{"name":"wp","href":"https:\/\/api.w.org\/{rel}","templated":true}]}}