{"id":584,"date":"2023-04-14T00:10:23","date_gmt":"2023-04-14T00:10:23","guid":{"rendered":"https:\/\/wrdias.com.br\/nit\/?page_id=584"},"modified":"2023-09-16T21:32:47","modified_gmt":"2023-09-16T21:32:47","slug":"oportunidades-negocios","status":"publish","type":"page","link":"https:\/\/nitrio.org.br\/?page_id=584","title":{"rendered":"Oportunidade de negocios"},"content":{"rendered":"\t\t<div data-elementor-type=\"wp-page\" data-elementor-id=\"584\" class=\"elementor elementor-584\" data-elementor-post-type=\"page\">\n\t\t\t\t<div class=\"elementor-element elementor-element-3d972f02 e-flex e-con-boxed e-con e-parent\" data-id=\"3d972f02\" data-element_type=\"container\" data-settings=\"{&quot;background_background&quot;:&quot;classic&quot;}\">\n\t\t\t\t\t<div class=\"e-con-inner\">\n\t\t<div class=\"elementor-element elementor-element-7ec63f6c e-con-full e-flex e-con e-parent\" data-id=\"7ec63f6c\" data-element_type=\"container\">\n\t\t\t\t<div class=\"elementor-element elementor-element-78cdcb81 elementor-position-left elementor-vertical-align-top elementor-widget elementor-widget-image-box\" data-id=\"78cdcb81\" data-element_type=\"widget\" data-widget_type=\"image-box.default\">\n\t\t\t\t<div class=\"elementor-widget-container\">\n\t\t\t\t\t<div class=\"elementor-image-box-wrapper\"><figure class=\"elementor-image-box-img\"><img decoding=\"async\" width=\"100\" height=\"120\" src=\"https:\/\/nitrio.org.br\/wp-content\/uploads\/2022\/05\/icon-nit.svg\" class=\"attachment-full size-full wp-image-216\" alt=\"\" \/><\/figure><div class=\"elementor-image-box-content\"><h3 class=\"elementor-image-box-title\">Oportunidades <br>de Neg\u00f3cios<\/h3><\/div><\/div>\t\t\t\t<\/div>\n\t\t\t\t<\/div>\n\t\t\t\t<\/div>\n\t\t\t\t\t<\/div>\n\t\t\t\t<\/div>\n\t\t<div class=\"elementor-element elementor-element-43074cd3 e-flex e-con-boxed e-con e-parent\" data-id=\"43074cd3\" data-element_type=\"container\" data-settings=\"{&quot;background_background&quot;:&quot;classic&quot;}\">\n\t\t\t\t\t<div class=\"e-con-inner\">\n\t\t<div class=\"elementor-element elementor-element-5078681d e-con-full e-flex e-con e-parent\" data-id=\"5078681d\" data-element_type=\"container\">\n\t\t\t\t<div class=\"elementor-element elementor-element-42a3e3a0 elementor-widget elementor-widget-text-editor\" data-id=\"42a3e3a0\" data-element_type=\"widget\" data-widget_type=\"text-editor.default\">\n\t\t\t\t<div class=\"elementor-widget-container\">\n\t\t\t\t\t\t\t\t\t<p><span style=\"font-weight: 400;\">As Unidades do MCTI associadas ao NIT Rio (CBPF, CETEM, IBICT, IMPA, INT, LNCC, MAST e ON) podem disponibilizar conhecimentos cient\u00edficos, t\u00e9cnicos e solu\u00e7\u00f5es inovadoras para sua empresa.<\/span><\/p>\t\t\t\t\t\t\t\t<\/div>\n\t\t\t\t<\/div>\n\t\t\t\t<\/div>\n\t\t\t\t\t<\/div>\n\t\t\t\t<\/div>\n\t\t<div class=\"elementor-element elementor-element-1572fae e-flex e-con-boxed e-con e-parent\" data-id=\"1572fae\" data-element_type=\"container\">\n\t\t\t\t\t<div class=\"e-con-inner\">\n\t\t\t\t<div class=\"elementor-element elementor-element-ceae957 elementor-widget elementor-widget-heading\" data-id=\"ceae957\" data-element_type=\"widget\" data-widget_type=\"heading.default\">\n\t\t\t\t<div class=\"elementor-widget-container\">\n\t\t\t\t\t<h2 class=\"elementor-heading-title elementor-size-default\">As oportunidades de neg\u00f3cio podem se dar em 4 eixos:<\/h2>\t\t\t\t<\/div>\n\t\t\t\t<\/div>\n\t\t\t\t\t<\/div>\n\t\t\t\t<\/div>\n\t\t<div class=\"elementor-element elementor-element-7b5ffa49 e-flex e-con-boxed e-con e-parent\" data-id=\"7b5ffa49\" data-element_type=\"container\" data-settings=\"{&quot;background_background&quot;:&quot;classic&quot;}\">\n\t\t\t\t\t<div class=\"e-con-inner\">\n\t\t<div class=\"elementor-element elementor-element-ed8797d e-con-full e-flex e-con e-parent\" data-id=\"ed8797d\" data-element_type=\"container\">\n\t\t\t\t<div class=\"elementor-element elementor-element-62e3832 elementor-widget elementor-widget-heading\" data-id=\"62e3832\" data-element_type=\"widget\" data-widget_type=\"heading.default\">\n\t\t\t\t<div class=\"elementor-widget-container\">\n\t\t\t\t\t<h2 class=\"elementor-heading-title elementor-size-default\">TRANSFER\u00caNCIA DE TECNOLOGIA<\/h2>\t\t\t\t<\/div>\n\t\t\t\t<\/div>\n\t\t\t\t<div class=\"elementor-element elementor-element-1a2857f7 elementor-widget elementor-widget-text-editor\" data-id=\"1a2857f7\" data-element_type=\"widget\" data-widget_type=\"text-editor.default\">\n\t\t\t\t<div class=\"elementor-widget-container\">\n\t\t\t\t\t\t\t\t\t<p><span style=\"font-weight: 400;\">As modalidades de transfer\u00eancia de tecnologia s\u00e3o um instrumento fundamental para as parcerias Empresa-Pesquisador. Veja as op\u00e7\u00f5es:<\/span><\/p><h6><strong>FORNECIMENTO DE TECNOLOGIA<\/strong><\/h6><h6><span style=\"font-weight: 400;\">Os conhecimentos e t\u00e9cnicas que n\u00e3o podem ser protegidos atrav\u00e9s de patentes podem ser transferidos por interm\u00e9dio dos contratos de fornecimento de tecnologia, que envolvem a empresa e a Unidade de Pesquisa.<\/span><\/h6><h6><strong>LICENCIAMENTO DE TECNOLOGIA<\/strong><\/h6><h6><span style=\"font-weight: 400;\">J\u00e1 o licenciamento envolve a explora\u00e7\u00e3o de produtos ou servi\u00e7os protegidos por propriedade intelectual \u2013 por exemplo, patentes \u2013 funciona como um aluguel, no qual a titularidade n\u00e3o \u00e9 alterada. \u00c9 combinado um per\u00edodo de uso pela empresa dentro de condi\u00e7\u00f5es previamente estabelecidas por meio de contrato\u00a0 (Art. 6\u00ba, <\/span><a href=\"http:\/\/www.planalto.gov.br\/ccivil_03\/_ato2004-2006\/2004\/lei\/l10.973.htm\"><b>Lei n\u00ba 10.973\/2004<\/b><\/a><span style=\"font-weight: 400;\">).\u00a0<\/span><\/h6><h6><strong>CESS\u00c3O<\/strong><\/h6><h6>Na cess\u00e3o, o detentor da tecnologia transfere definitivamente para a empresa a titularidade do direito decorrente da propriedade intelectual, tal como em uma compra e venda ou, em algumas hip\u00f3teses, uma doa\u00e7\u00e3o.<\/h6><h6><span style=\"font-weight: 400;\">(Art. 13, <\/span><a href=\"http:\/\/www.planalto.gov.br\/ccivil_03\/_ato2015-2018\/2018\/decreto\/d9283.htm\"><b>Decreto n\u00ba 9.283\/2018<\/b><\/a><span style=\"font-weight: 400;\">).<\/span><\/h6>\t\t\t\t\t\t\t\t<\/div>\n\t\t\t\t<\/div>\n\t\t\t\t<\/div>\n\t\t\t\t\t<\/div>\n\t\t\t\t<\/div>\n\t\t<div class=\"elementor-element elementor-element-ee638ac e-flex e-con-boxed e-con e-parent\" data-id=\"ee638ac\" data-element_type=\"container\" data-settings=\"{&quot;background_background&quot;:&quot;classic&quot;}\">\n\t\t\t\t\t<div class=\"e-con-inner\">\n\t\t<div class=\"elementor-element elementor-element-d9ea8a4 e-con-full e-flex e-con e-parent\" data-id=\"d9ea8a4\" data-element_type=\"container\">\n\t\t\t\t<div class=\"elementor-element elementor-element-9f544d2 elementor-widget elementor-widget-heading\" data-id=\"9f544d2\" data-element_type=\"widget\" data-widget_type=\"heading.default\">\n\t\t\t\t<div class=\"elementor-widget-container\">\n\t\t\t\t\t<h2 class=\"elementor-heading-title elementor-size-default\">PRESTA\u00c7\u00c3O DE SERVI\u00c7OS T\u00c9CNICOS ESPECIALIZADOS PARA INOVA\u00c7\u00c3O<\/h2>\t\t\t\t<\/div>\n\t\t\t\t<\/div>\n\t\t\t\t<div class=\"elementor-element elementor-element-2fd7cc3 elementor-widget elementor-widget-text-editor\" data-id=\"2fd7cc3\" data-element_type=\"widget\" data-widget_type=\"text-editor.default\">\n\t\t\t\t<div class=\"elementor-widget-container\">\n\t\t\t\t\t\t\t\t\t<div class=\"wpb_text_column wpb_content_element \"><div class=\"wpb_wrapper\"><p><span style=\"font-weight: 400;\">Sua empresa pode se beneficiar de servi\u00e7os t\u00e9cnicos especializados prestados em uma infraestrutura de ponta, <\/span><span style=\"font-weight: 400;\">por capital intelectual <\/span><span style=\"font-weight: 400;\">composto por pesquisadores, tecnologistas e t\u00e9cnicos integrantes das Unidades de Pesquisa associadas ao NIT Rio, nos moldes do art. 8\u00ba\u00a0 da <\/span><a href=\"http:\/\/www.planalto.gov.br\/ccivil_03\/_ato2004-2006\/2004\/lei\/l10.973.htm\"><b>Lei n\u00ba 10.973\/2004<\/b><\/a><span style=\"font-weight: 400;\">.<\/span><\/p><p><span style=\"font-weight: 400;\">Se sua empresa tem interesse nos servi\u00e7os voltados para inova\u00e7\u00e3o com base em uma das compet\u00eancias de nossas Unidades de Pesquisa, entre em <\/span><a href=\"https:\/\/www.nitrio.org.br\/contato\/\"><b>contato<\/b><\/a><span style=\"font-weight: 400;\"> com o NIT Rio.<\/span><\/p><\/div><\/div>\t\t\t\t\t\t\t\t<\/div>\n\t\t\t\t<\/div>\n\t\t\t\t<\/div>\n\t\t\t\t\t<\/div>\n\t\t\t\t<\/div>\n\t\t<div class=\"elementor-element elementor-element-10c650f e-flex e-con-boxed e-con e-parent\" data-id=\"10c650f\" data-element_type=\"container\" data-settings=\"{&quot;background_background&quot;:&quot;classic&quot;}\">\n\t\t\t\t\t<div class=\"e-con-inner\">\n\t\t<div class=\"elementor-element elementor-element-57a434c e-con-full e-flex e-con e-parent\" data-id=\"57a434c\" data-element_type=\"container\">\n\t\t\t\t<div class=\"elementor-element elementor-element-096fde9 elementor-widget elementor-widget-heading\" data-id=\"096fde9\" data-element_type=\"widget\" data-widget_type=\"heading.default\">\n\t\t\t\t<div class=\"elementor-widget-container\">\n\t\t\t\t\t<h2 class=\"elementor-heading-title elementor-size-default\">COMPARTILHAMENTO DE LABORAT\u00d3RIOS E CAPITAL INTELECTUAL<\/h2>\t\t\t\t<\/div>\n\t\t\t\t<\/div>\n\t\t\t\t<div class=\"elementor-element elementor-element-174d089 elementor-widget elementor-widget-text-editor\" data-id=\"174d089\" data-element_type=\"widget\" data-widget_type=\"text-editor.default\">\n\t\t\t\t<div class=\"elementor-widget-container\">\n\t\t\t\t\t\t\t\t\t<div class=\"wpb_text_column wpb_content_element \"><div class=\"wpb_wrapper\"><p><span style=\"font-weight: 400;\">Os laborat\u00f3rios, equipamentos, instrumentos, materiais e demais instala\u00e7\u00f5es existentes nas <\/span><span style=\"font-weight: 400;\">Unidades de Pesquisa<\/span><span style=\"font-weight: 400;\"> vinculadas ao NIT Rio podem ser utilizados pela sua empresa ou por organiza\u00e7\u00f5es de direito privado sem fins lucrativos.<\/span><\/p><p><span style=\"font-weight: 400;\">Al\u00e9m disso, todo o capital intelectual, como pesquisadores, tecnologistas e t\u00e9cnicos vinculados a estas <\/span><span style=\"font-weight: 400;\">Unidades de Pesquisa<\/span><span style=\"font-weight: 400;\">, podem participar do seu proj<\/span><span style=\"font-weight: 400;\">eto de desenvolvimento e de inova\u00e7\u00e3o, po<\/span><span style=\"font-weight: 400;\">r meio de contrato ou conv\u00eanio, de acordo com o art. 4\u00ba da <\/span><a href=\"http:\/\/www.planalto.gov.br\/ccivil_03\/_ato2004-2006\/2004\/lei\/l10.973.htm\"><b>Lei n\u00b0 10.973\/2004<\/b><\/a><span style=\"font-weight: 400;\">.<\/span><\/p><p><span style=\"font-weight: 400;\">Saiba como, entrando em contato com o NIT Rio atrav\u00e9s do nosso <\/span><a href=\"https:\/\/www.nitrio.org.br\/contato\/\"><b>formul\u00e1rio<\/b><\/a><span style=\"font-weight: 400;\"> ou diretamente pelo e-mail <a href=\"mailto:nitrio@nitrio.org.br\">nitrio@nitrio.org.br<\/a><\/span><\/p><\/div><\/div>\t\t\t\t\t\t\t\t<\/div>\n\t\t\t\t<\/div>\n\t\t\t\t<\/div>\n\t\t\t\t\t<\/div>\n\t\t\t\t<\/div>\n\t\t<div class=\"elementor-element elementor-element-8f380f4 e-flex e-con-boxed e-con e-parent\" data-id=\"8f380f4\" data-element_type=\"container\" data-settings=\"{&quot;background_background&quot;:&quot;classic&quot;}\">\n\t\t\t\t\t<div class=\"e-con-inner\">\n\t\t<div class=\"elementor-element elementor-element-e939d6b e-con-full e-flex e-con e-parent\" data-id=\"e939d6b\" data-element_type=\"container\">\n\t\t\t\t<div class=\"elementor-element elementor-element-bafeb3b elementor-widget elementor-widget-heading\" data-id=\"bafeb3b\" data-element_type=\"widget\" data-widget_type=\"heading.default\">\n\t\t\t\t<div class=\"elementor-widget-container\">\n\t\t\t\t\t<h2 class=\"elementor-heading-title elementor-size-default\">COLABORA\u00c7\u00d5ES E PARCERIAS PARA PESQUISA, DESENVOLVIMENTO E INOVA\u00c7\u00c3O (PD&amp;I)<\/h2>\t\t\t\t<\/div>\n\t\t\t\t<\/div>\n\t\t\t\t<div class=\"elementor-element elementor-element-a8d719f elementor-widget elementor-widget-text-editor\" data-id=\"a8d719f\" data-element_type=\"widget\" data-widget_type=\"text-editor.default\">\n\t\t\t\t<div class=\"elementor-widget-container\">\n\t\t\t\t\t\t\t\t\t<div class=\"wpb_text_column wpb_content_element \"><div class=\"wpb_wrapper\"><p><span style=\"font-weight: 400;\">O NIT Rio estimula e intermedia parcerias entre as suas <\/span><span style=\"font-weight: 400;\">Unidades de Pesquisa<\/span><span style=\"font-weight: 400;\"> com o setor empresarial e outras institui\u00e7\u00f5es (p\u00fablicas e privadas) para a realiza\u00e7\u00e3o de atividades de pesquisa cient\u00edfica e tecnol\u00f3gica e de desenvolvimento de tecnologia, produto ou processo voltados \u00e0 inova\u00e7\u00e3o, de modo que possamos adaptar o acordo \u00e0s necessidades espec\u00edficas de todas as partes.<\/span><\/p><p><span style=\"font-weight: 400;\">Se sua empresa precisa de ajuda para identificar um laborat\u00f3rio, setor ou grupo de pesquisa integrante de alguma das <\/span><span style=\"font-weight: 400;\">Unidades de Pesquisa <\/span><span style=\"font-weight: 400;\">vinculadas ao Arranjo de forma a conciliar as demandas apresentadas, entre em contato com o NIT Rio.<\/span><\/p><p><span style=\"font-weight: 400;\">Voc\u00ea que \u00e9 pesquisador de uma de nossas <\/span><span style=\"font-weight: 400;\">Unidades de Pesquisa<\/span><span style=\"font-weight: 400;\"> e tem interesse em parceria para pesquisa, desenvolvimento e inova\u00e7\u00e3o, entre em contato com o NIT Rio para que possamos localizar um parceiro.<\/span><\/p><p><span style=\"font-weight: 400;\">*Se o empres\u00e1rio e o pesquisador j\u00e1 se encontraram e negociaram o projeto, comunique ao NIT Rio para formalizarmos o acordo de parceria.<\/span><\/p><\/div><\/div>\t\t\t\t\t\t\t\t<\/div>\n\t\t\t\t<\/div>\n\t\t\t\t<\/div>\n\t\t\t\t\t<\/div>\n\t\t\t\t<\/div>\n\t\t\t\t<\/div>\n\t\t","protected":false},"excerpt":{"rendered":"<p>Oportunidades de Neg\u00f3cios As Unidades do MCTI associadas ao NIT Rio (CBPF, CETEM, IBICT, IMPA, INT, LNCC, MAST e ON) podem disponibilizar conhecimentos cient\u00edficos, t\u00e9cnicos e solu\u00e7\u00f5es inovadoras para sua empresa. As oportunidades de neg\u00f3cio podem se dar em 4 eixos: TRANSFER\u00caNCIA DE TECNOLOGIA As modalidades de transfer\u00eancia de tecnologia s\u00e3o um instrumento fundamental para [&hellip;]<\/p>\n","protected":false},"author":6,"featured_media":0,"parent":0,"menu_order":0,"comment_status":"closed","ping_status":"closed","template":"elementor_header_footer","meta":{"footnotes":""},"class_list":["post-584","page","type-page","status-publish","hentry"],"_links":{"self":[{"href":"https:\/\/nitrio.org.br\/index.php?rest_route=\/wp\/v2\/pages\/584","targetHints":{"allow":["GET"]}}],"collection":[{"href":"https:\/\/nitrio.org.br\/index.php?rest_route=\/wp\/v2\/pages"}],"about":[{"href":"https:\/\/nitrio.org.br\/index.php?rest_route=\/wp\/v2\/types\/page"}],"author":[{"embeddable":true,"href":"https:\/\/nitrio.org.br\/index.php?rest_route=\/wp\/v2\/users\/6"}],"replies":[{"embeddable":true,"href":"https:\/\/nitrio.org.br\/index.php?rest_route=%2Fwp%2Fv2%2Fcomments&post=584"}],"version-history":[{"count":59,"href":"https:\/\/nitrio.org.br\/index.php?rest_route=\/wp\/v2\/pages\/584\/revisions"}],"predecessor-version":[{"id":3756,"href":"https:\/\/nitrio.org.br\/index.php?rest_route=\/wp\/v2\/pages\/584\/revisions\/3756"}],"wp:attachment":[{"href":"https:\/\/nitrio.org.br\/index.php?rest_route=%2Fwp%2Fv2%2Fmedia&parent=584"}],"curies":[{"name":"wp","href":"https:\/\/api.w.org\/{rel}","templated":true}]}}