{"id":1642,"date":"2023-04-26T03:06:33","date_gmt":"2023-04-26T03:06:33","guid":{"rendered":"https:\/\/nitrio.org.br\/?page_id=1642"},"modified":"2023-09-16T21:25:21","modified_gmt":"2023-09-16T21:25:21","slug":"unidades-de-pesquisa-2","status":"publish","type":"page","link":"https:\/\/nitrio.org.br\/?page_id=1642","title":{"rendered":"Unidades de pesquisa"},"content":{"rendered":"\t\t<div data-elementor-type=\"wp-page\" data-elementor-id=\"1642\" class=\"elementor elementor-1642\" data-elementor-post-type=\"page\">\n\t\t\t\t<div class=\"elementor-element elementor-element-7b954eb8 e-flex e-con-boxed e-con e-parent\" data-id=\"7b954eb8\" data-element_type=\"container\" data-settings=\"{&quot;background_background&quot;:&quot;classic&quot;}\">\n\t\t\t\t\t<div class=\"e-con-inner\">\n\t\t<div class=\"elementor-element elementor-element-3618686f e-con-full e-flex e-con e-parent\" data-id=\"3618686f\" data-element_type=\"container\">\n\t\t\t\t<div class=\"elementor-element elementor-element-87b5897 elementor-position-left elementor-vertical-align-top elementor-widget elementor-widget-image-box\" data-id=\"87b5897\" data-element_type=\"widget\" data-widget_type=\"image-box.default\">\n\t\t\t\t<div class=\"elementor-widget-container\">\n\t\t\t\t\t<div class=\"elementor-image-box-wrapper\"><figure class=\"elementor-image-box-img\"><img decoding=\"async\" width=\"100\" height=\"120\" src=\"https:\/\/nitrio.org.br\/wp-content\/uploads\/2023\/04\/icon-nit.svg\" class=\"attachment-full size-full wp-image-1346\" alt=\"\" \/><\/figure><div class=\"elementor-image-box-content\"><h3 class=\"elementor-image-box-title\">Unidades de Pesquisa<\/h3><\/div><\/div>\t\t\t\t<\/div>\n\t\t\t\t<\/div>\n\t\t\t\t<\/div>\n\t\t\t\t\t<\/div>\n\t\t\t\t<\/div>\n\t\t<div class=\"elementor-element elementor-element-f5ad98f e-flex e-con-boxed e-con e-parent\" data-id=\"f5ad98f\" data-element_type=\"container\" data-settings=\"{&quot;background_background&quot;:&quot;classic&quot;}\">\n\t\t\t\t\t<div class=\"e-con-inner\">\n\t\t\t\t<div class=\"elementor-element elementor-element-53bb3e7 elementor-vertical-align-top elementor-widget elementor-widget-image-box\" data-id=\"53bb3e7\" data-element_type=\"widget\" data-widget_type=\"image-box.default\">\n\t\t\t\t<div class=\"elementor-widget-container\">\n\t\t\t\t\t<div class=\"elementor-image-box-wrapper\"><div class=\"elementor-image-box-content\"><h3 class=\"elementor-image-box-title\">Institui\u00e7\u00f5es que fazem parte do NIT Rio<\/h3><\/div><\/div>\t\t\t\t<\/div>\n\t\t\t\t<\/div>\n\t\t\t\t\t<\/div>\n\t\t\t\t<\/div>\n\t\t<div class=\"elementor-element elementor-element-1292a8ef e-flex e-con-boxed e-con e-parent\" data-id=\"1292a8ef\" data-element_type=\"container\">\n\t\t\t\t\t<div class=\"e-con-inner\">\n\t\t\t\t<div class=\"elementor-element elementor-element-56949ed3 elementor-position-left elementor-widget__width-initial elementor-vertical-align-top elementor-widget elementor-widget-image-box\" data-id=\"56949ed3\" data-element_type=\"widget\" data-widget_type=\"image-box.default\">\n\t\t\t\t<div class=\"elementor-widget-container\">\n\t\t\t\t\t<div class=\"elementor-image-box-wrapper\"><figure class=\"elementor-image-box-img\"><a href=\"https:\/\/www.gov.br\/cbpf\/pt-br\" tabindex=\"-1\"><img fetchpriority=\"high\" decoding=\"async\" width=\"700\" height=\"700\" src=\"https:\/\/nitrio.org.br\/wp-content\/uploads\/2023\/04\/cbpf-1.png\" class=\"attachment-full size-full wp-image-1646\" alt=\"\" srcset=\"https:\/\/nitrio.org.br\/wp-content\/uploads\/2023\/04\/cbpf-1.png 700w, https:\/\/nitrio.org.br\/wp-content\/uploads\/2023\/04\/cbpf-1-300x300.png 300w, https:\/\/nitrio.org.br\/wp-content\/uploads\/2023\/04\/cbpf-1-150x150.png 150w\" sizes=\"(max-width: 700px) 100vw, 700px\" \/><\/a><\/figure><div class=\"elementor-image-box-content\"><h3 class=\"elementor-image-box-title\"><a href=\"https:\/\/www.gov.br\/cbpf\/pt-br\">Centro Brasileiro de Pesquisas F\u00edsicas \u2013 CBPF<\/a><\/h3><p class=\"elementor-image-box-description\">O CBPF \u00e9 uma institui\u00e7\u00e3o de pesquisa b\u00e1sica e aplicada em f\u00edsica, atuando como instituto nacional de f\u00edsica do MCTI e polo de forma\u00e7\u00e3o de novos pesquisadores, investiga\u00e7\u00e3o cient\u00edfica e desenvolvimento de tecnologia de ponta no Brasil.\n\n<\/p><\/div><\/div>\t\t\t\t<\/div>\n\t\t\t\t<\/div>\n\t\t\t\t<div class=\"elementor-element elementor-element-66ac7322 elementor-view-default elementor-widget elementor-widget-icon\" data-id=\"66ac7322\" data-element_type=\"widget\" data-widget_type=\"icon.default\">\n\t\t\t\t<div class=\"elementor-widget-container\">\n\t\t\t\t\t\t\t<div class=\"elementor-icon-wrapper\">\n\t\t\t<a class=\"elementor-icon elementor-animation-grow\" href=\"https:\/\/www.flickr.com\/photos\/nit_rio\/sets\/72157625445004671\/\" target=\"_blank\">\n\t\t\t<i aria-hidden=\"true\" class=\"fas fa-photo-video\"><\/i>\t\t\t<\/a>\n\t\t<\/div>\n\t\t\t\t\t\t<\/div>\n\t\t\t\t<\/div>\n\t\t\t\t<div class=\"elementor-element elementor-element-84442a6 elementor-view-default elementor-widget elementor-widget-icon\" data-id=\"84442a6\" data-element_type=\"widget\" data-widget_type=\"icon.default\">\n\t\t\t\t<div class=\"elementor-widget-container\">\n\t\t\t\t\t\t\t<div class=\"elementor-icon-wrapper\">\n\t\t\t<a class=\"elementor-icon elementor-animation-grow\" href=\"https:\/\/www.youtube.com\/watch?v=OjOiDukIUTQ\" target=\"_blank\">\n\t\t\t<i aria-hidden=\"true\" class=\"fab fa-youtube\"><\/i>\t\t\t<\/a>\n\t\t<\/div>\n\t\t\t\t\t\t<\/div>\n\t\t\t\t<\/div>\n\t\t\t\t\t<\/div>\n\t\t\t\t<\/div>\n\t\t<div class=\"elementor-element elementor-element-2e968a0b e-flex e-con-boxed e-con e-parent\" data-id=\"2e968a0b\" data-element_type=\"container\">\n\t\t\t\t\t<div class=\"e-con-inner\">\n\t\t\t\t<div class=\"elementor-element elementor-element-43983036 elementor-position-left elementor-widget__width-initial elementor-vertical-align-top elementor-widget elementor-widget-image-box\" data-id=\"43983036\" data-element_type=\"widget\" data-widget_type=\"image-box.default\">\n\t\t\t\t<div class=\"elementor-widget-container\">\n\t\t\t\t\t<div class=\"elementor-image-box-wrapper\"><figure class=\"elementor-image-box-img\"><a href=\"https:\/\/www.gov.br\/cetem\/pt-br\" tabindex=\"-1\"><img decoding=\"async\" width=\"150\" height=\"150\" src=\"https:\/\/nitrio.org.br\/wp-content\/uploads\/2023\/04\/CETEM-1-1.png\" class=\"attachment-full size-full wp-image-1647\" alt=\"\" \/><\/a><\/figure><div class=\"elementor-image-box-content\"><h3 class=\"elementor-image-box-title\"><a href=\"https:\/\/www.gov.br\/cetem\/pt-br\">Centro de Tecnologia Mineral \u2013 CETEM<\/a><\/h3><p class=\"elementor-image-box-description\">O CETEM \u00e9 a Unidade de Pesquisa do MCTI que tem como miss\u00e3o \u201cdesenvolver tecnologia para o uso sustent\u00e1vel dos recursos minerais brasileiros\u201d. Na sede do Centro s\u00e3o executadas atividades de PD&amp;I, reunindo corpo t\u00e9cnico qualificado para atender \u00e0s demandas do setor mineral e ambiental brasileiro.\n\n<\/p><\/div><\/div>\t\t\t\t<\/div>\n\t\t\t\t<\/div>\n\t\t\t\t<div class=\"elementor-element elementor-element-385d3fbe elementor-view-default elementor-widget elementor-widget-icon\" data-id=\"385d3fbe\" data-element_type=\"widget\" data-widget_type=\"icon.default\">\n\t\t\t\t<div class=\"elementor-widget-container\">\n\t\t\t\t\t\t\t<div class=\"elementor-icon-wrapper\">\n\t\t\t<a class=\"elementor-icon elementor-animation-grow\" href=\"https:\/\/www.flickr.com\/photos\/nit_rio\/sets\/72157648529741952\/\" target=\"_blank\">\n\t\t\t<i aria-hidden=\"true\" class=\"fas fa-photo-video\"><\/i>\t\t\t<\/a>\n\t\t<\/div>\n\t\t\t\t\t\t<\/div>\n\t\t\t\t<\/div>\n\t\t\t\t<div class=\"elementor-element elementor-element-c877fcc elementor-view-default elementor-widget elementor-widget-icon\" data-id=\"c877fcc\" data-element_type=\"widget\" data-widget_type=\"icon.default\">\n\t\t\t\t<div class=\"elementor-widget-container\">\n\t\t\t\t\t\t\t<div class=\"elementor-icon-wrapper\">\n\t\t\t<a class=\"elementor-icon elementor-animation-grow\" href=\"https:\/\/www.youtube.com\/watch?v=2CiHhhe29Cg\" target=\"_blank\">\n\t\t\t<i aria-hidden=\"true\" class=\"fab fa-youtube\"><\/i>\t\t\t<\/a>\n\t\t<\/div>\n\t\t\t\t\t\t<\/div>\n\t\t\t\t<\/div>\n\t\t\t\t\t<\/div>\n\t\t\t\t<\/div>\n\t\t<div class=\"elementor-element elementor-element-1502b7b e-flex e-con-boxed e-con e-parent\" data-id=\"1502b7b\" data-element_type=\"container\">\n\t\t\t\t\t<div class=\"e-con-inner\">\n\t\t\t\t<div class=\"elementor-element elementor-element-f8b3e10 elementor-position-left elementor-widget__width-initial elementor-vertical-align-top elementor-widget elementor-widget-image-box\" data-id=\"f8b3e10\" data-element_type=\"widget\" data-widget_type=\"image-box.default\">\n\t\t\t\t<div class=\"elementor-widget-container\">\n\t\t\t\t\t<div class=\"elementor-image-box-wrapper\"><figure class=\"elementor-image-box-img\"><a href=\"https:\/\/www.gov.br\/ibict\/pt-br\" tabindex=\"-1\"><img loading=\"lazy\" decoding=\"async\" width=\"150\" height=\"150\" src=\"https:\/\/nitrio.org.br\/wp-content\/uploads\/2023\/04\/ibict-1.png\" class=\"attachment-full size-full wp-image-1648\" alt=\"\" \/><\/a><\/figure><div class=\"elementor-image-box-content\"><h3 class=\"elementor-image-box-title\"><a href=\"https:\/\/www.gov.br\/ibict\/pt-br\">Instituto Brasileiro de Informa\u00e7\u00e3o em Ci\u00eancia e Tecnologia \u2013 IBICT<\/a><\/h3><p class=\"elementor-image-box-description\">O IBICT promove a compet\u00eancia, o desenvolvimento de recursos e a infraestrutura de informa\u00e7\u00e3o em ci\u00eancia e tecnologia para produ\u00e7\u00e3o, socializa\u00e7\u00e3o e integra\u00e7\u00e3o do conhecimento cient\u00edfico e tecnol\u00f3gico.<\/p><\/div><\/div>\t\t\t\t<\/div>\n\t\t\t\t<\/div>\n\t\t\t\t<div class=\"elementor-element elementor-element-4aba646 elementor-view-default elementor-widget elementor-widget-icon\" data-id=\"4aba646\" data-element_type=\"widget\" data-widget_type=\"icon.default\">\n\t\t\t\t<div class=\"elementor-widget-container\">\n\t\t\t\t\t\t\t<div class=\"elementor-icon-wrapper\">\n\t\t\t<a class=\"elementor-icon elementor-animation-grow\" href=\"https:\/\/www.youtube.com\/watch?v=KTvc_gU8EYM\" target=\"_blank\">\n\t\t\t<i aria-hidden=\"true\" class=\"fab fa-youtube\"><\/i>\t\t\t<\/a>\n\t\t<\/div>\n\t\t\t\t\t\t<\/div>\n\t\t\t\t<\/div>\n\t\t\t\t\t<\/div>\n\t\t\t\t<\/div>\n\t\t<div class=\"elementor-element elementor-element-40e6ea85 e-flex e-con-boxed e-con e-parent\" data-id=\"40e6ea85\" data-element_type=\"container\">\n\t\t\t\t\t<div class=\"e-con-inner\">\n\t\t\t\t<div class=\"elementor-element elementor-element-6430fa0a elementor-position-left elementor-widget__width-initial elementor-vertical-align-top elementor-widget elementor-widget-image-box\" data-id=\"6430fa0a\" data-element_type=\"widget\" data-widget_type=\"image-box.default\">\n\t\t\t\t<div class=\"elementor-widget-container\">\n\t\t\t\t\t<div class=\"elementor-image-box-wrapper\"><figure class=\"elementor-image-box-img\"><a href=\"https:\/\/impa.br\/\" tabindex=\"-1\"><img loading=\"lazy\" decoding=\"async\" width=\"150\" height=\"150\" src=\"https:\/\/nitrio.org.br\/wp-content\/uploads\/2023\/04\/IMPA-1.png\" class=\"attachment-full size-full wp-image-1649\" alt=\"\" \/><\/a><\/figure><div class=\"elementor-image-box-content\"><h3 class=\"elementor-image-box-title\"><a href=\"https:\/\/impa.br\/\"> Instituto de Matem\u00e1tica Pura e Aplicada \u2013 IMPA<\/a><\/h3><p class=\"elementor-image-box-description\">Bem conceituado internacionalmente, o IMPA \u00e9 um grande incentivador de pesquisas cient\u00edficas e da forma\u00e7\u00e3o de novos pesquisadores para a propaga\u00e7\u00e3o da cultura matem\u00e1tica.<\/p><\/div><\/div>\t\t\t\t<\/div>\n\t\t\t\t<\/div>\n\t\t\t\t<div class=\"elementor-element elementor-element-2f683406 elementor-view-default elementor-widget elementor-widget-icon\" data-id=\"2f683406\" data-element_type=\"widget\" data-widget_type=\"icon.default\">\n\t\t\t\t<div class=\"elementor-widget-container\">\n\t\t\t\t\t\t\t<div class=\"elementor-icon-wrapper\">\n\t\t\t<a class=\"elementor-icon elementor-animation-grow\" href=\"https:\/\/www.flickr.com\/photos\/nit_rio\/sets\/72157626695046491\/\" target=\"_blank\">\n\t\t\t<i aria-hidden=\"true\" class=\"fas fa-photo-video\"><\/i>\t\t\t<\/a>\n\t\t<\/div>\n\t\t\t\t\t\t<\/div>\n\t\t\t\t<\/div>\n\t\t\t\t<div class=\"elementor-element elementor-element-5407cfd elementor-view-default elementor-widget elementor-widget-icon\" data-id=\"5407cfd\" data-element_type=\"widget\" data-widget_type=\"icon.default\">\n\t\t\t\t<div class=\"elementor-widget-container\">\n\t\t\t\t\t\t\t<div class=\"elementor-icon-wrapper\">\n\t\t\t<a class=\"elementor-icon elementor-animation-grow\" href=\"https:\/\/www.youtube.com\/watch?v=VJuaeQCC14s\" target=\"_blank\">\n\t\t\t<i aria-hidden=\"true\" class=\"fab fa-youtube\"><\/i>\t\t\t<\/a>\n\t\t<\/div>\n\t\t\t\t\t\t<\/div>\n\t\t\t\t<\/div>\n\t\t\t\t\t<\/div>\n\t\t\t\t<\/div>\n\t\t<div class=\"elementor-element elementor-element-52af73b4 e-flex e-con-boxed e-con e-parent\" data-id=\"52af73b4\" data-element_type=\"container\">\n\t\t\t\t\t<div class=\"e-con-inner\">\n\t\t\t\t<div class=\"elementor-element elementor-element-5fae1c99 elementor-position-left elementor-widget__width-initial elementor-vertical-align-top elementor-widget elementor-widget-image-box\" data-id=\"5fae1c99\" data-element_type=\"widget\" data-widget_type=\"image-box.default\">\n\t\t\t\t<div class=\"elementor-widget-container\">\n\t\t\t\t\t<div class=\"elementor-image-box-wrapper\"><figure class=\"elementor-image-box-img\"><a href=\"https:\/\/www.gov.br\/int\/pt-br\" tabindex=\"-1\"><img loading=\"lazy\" decoding=\"async\" width=\"150\" height=\"150\" src=\"https:\/\/nitrio.org.br\/wp-content\/uploads\/2023\/04\/INT-1.png\" class=\"attachment-full size-full wp-image-1650\" alt=\"\" \/><\/a><\/figure><div class=\"elementor-image-box-content\"><h3 class=\"elementor-image-box-title\"><a href=\"https:\/\/www.gov.br\/int\/pt-br\">Instituto Nacional de Tecnologia \u2013 INT<\/a><\/h3><p class=\"elementor-image-box-description\">O INT tem atua\u00e7\u00e3o estrat\u00e9gica voltada para a inova\u00e7\u00e3o e o desenvolvimento tecnol\u00f3gico do pa\u00eds. Atualmente mant\u00e9m parceria com o setor empresarial, gerando e disseminando solu\u00e7\u00f5es tecnol\u00f3gicas inovadoras, oferecendo servi\u00e7os t\u00e9cnicos especializados e certificando produtos.<\/p><\/div><\/div>\t\t\t\t<\/div>\n\t\t\t\t<\/div>\n\t\t\t\t<div class=\"elementor-element elementor-element-3c897a2b elementor-view-default elementor-widget elementor-widget-icon\" data-id=\"3c897a2b\" data-element_type=\"widget\" data-widget_type=\"icon.default\">\n\t\t\t\t<div class=\"elementor-widget-container\">\n\t\t\t\t\t\t\t<div class=\"elementor-icon-wrapper\">\n\t\t\t<a class=\"elementor-icon elementor-animation-grow\" href=\"https:\/\/www.flickr.com\/photos\/nit_rio\/sets\/72157648481808846\/\" target=\"_blank\">\n\t\t\t<i aria-hidden=\"true\" class=\"fas fa-photo-video\"><\/i>\t\t\t<\/a>\n\t\t<\/div>\n\t\t\t\t\t\t<\/div>\n\t\t\t\t<\/div>\n\t\t\t\t<div class=\"elementor-element elementor-element-7c889f4 elementor-view-default elementor-widget elementor-widget-icon\" data-id=\"7c889f4\" data-element_type=\"widget\" data-widget_type=\"icon.default\">\n\t\t\t\t<div class=\"elementor-widget-container\">\n\t\t\t\t\t\t\t<div class=\"elementor-icon-wrapper\">\n\t\t\t<a class=\"elementor-icon elementor-animation-grow\" href=\"https:\/\/www.youtube.com\/watch?v=yy7smaKIFYg\" target=\"_blank\">\n\t\t\t<i aria-hidden=\"true\" class=\"fab fa-youtube\"><\/i>\t\t\t<\/a>\n\t\t<\/div>\n\t\t\t\t\t\t<\/div>\n\t\t\t\t<\/div>\n\t\t\t\t\t<\/div>\n\t\t\t\t<\/div>\n\t\t<div class=\"elementor-element elementor-element-5e14a954 e-flex e-con-boxed e-con e-parent\" data-id=\"5e14a954\" data-element_type=\"container\">\n\t\t\t\t\t<div class=\"e-con-inner\">\n\t\t\t\t<div class=\"elementor-element elementor-element-636f25cb elementor-position-left elementor-widget__width-initial elementor-vertical-align-top elementor-widget elementor-widget-image-box\" data-id=\"636f25cb\" data-element_type=\"widget\" data-widget_type=\"image-box.default\">\n\t\t\t\t<div class=\"elementor-widget-container\">\n\t\t\t\t\t<div class=\"elementor-image-box-wrapper\"><figure class=\"elementor-image-box-img\"><a href=\"https:\/\/www.gov.br\/lncc\/pt-br\" tabindex=\"-1\"><img loading=\"lazy\" decoding=\"async\" width=\"150\" height=\"150\" src=\"https:\/\/nitrio.org.br\/wp-content\/uploads\/2023\/04\/LNCC-1.png\" class=\"attachment-full size-full wp-image-1651\" alt=\"\" \/><\/a><\/figure><div class=\"elementor-image-box-content\"><h3 class=\"elementor-image-box-title\"><a href=\"https:\/\/www.gov.br\/lncc\/pt-br\">Laborat\u00f3rio Nacional de Computa\u00e7\u00e3o Cient\u00edfica \u2013 LNCC<\/a><\/h3><p class=\"elementor-image-box-description\">O LNCC \u00e9 um dos maiores realizadores de pesquisa e desenvolvimento nos campos da computa\u00e7\u00e3o cient\u00edfica no pa\u00eds, especialmente na cria\u00e7\u00e3o e aplica\u00e7\u00e3o de modelos e m\u00e9todos matem\u00e1ticos e computacionais para a solu\u00e7\u00e3o de problemas cient\u00edficos e tecnol\u00f3gicos. Sua sede em Petr\u00f3polis possui ainda a Incubadora LNCC, que estimula o crescimento e a promo\u00e7\u00e3o de empreendimentos baseados em tecnologias inovadoras.<\/p><\/div><\/div>\t\t\t\t<\/div>\n\t\t\t\t<\/div>\n\t\t\t\t<div class=\"elementor-element elementor-element-634c779b elementor-view-default elementor-widget elementor-widget-icon\" data-id=\"634c779b\" data-element_type=\"widget\" data-widget_type=\"icon.default\">\n\t\t\t\t<div class=\"elementor-widget-container\">\n\t\t\t\t\t\t\t<div class=\"elementor-icon-wrapper\">\n\t\t\t<a class=\"elementor-icon elementor-animation-grow\" href=\"https:\/\/www.flickr.com\/photos\/nit_rio\/sets\/72157648611250717\/\" target=\"_blank\">\n\t\t\t<i aria-hidden=\"true\" class=\"fas fa-photo-video\"><\/i>\t\t\t<\/a>\n\t\t<\/div>\n\t\t\t\t\t\t<\/div>\n\t\t\t\t<\/div>\n\t\t\t\t<div class=\"elementor-element elementor-element-2bda5e7 elementor-view-default elementor-widget elementor-widget-icon\" data-id=\"2bda5e7\" data-element_type=\"widget\" data-widget_type=\"icon.default\">\n\t\t\t\t<div class=\"elementor-widget-container\">\n\t\t\t\t\t\t\t<div class=\"elementor-icon-wrapper\">\n\t\t\t<a class=\"elementor-icon elementor-animation-grow\" href=\"https:\/\/www.youtube.com\/watch?v=3VPm3tX9IxU\" target=\"_blank\">\n\t\t\t<i aria-hidden=\"true\" class=\"fab fa-youtube\"><\/i>\t\t\t<\/a>\n\t\t<\/div>\n\t\t\t\t\t\t<\/div>\n\t\t\t\t<\/div>\n\t\t\t\t\t<\/div>\n\t\t\t\t<\/div>\n\t\t<div class=\"elementor-element elementor-element-42bf4f0c e-flex e-con-boxed e-con e-parent\" data-id=\"42bf4f0c\" data-element_type=\"container\">\n\t\t\t\t\t<div class=\"e-con-inner\">\n\t\t\t\t<div class=\"elementor-element elementor-element-7690a2cf elementor-position-left elementor-widget__width-initial elementor-vertical-align-top elementor-widget elementor-widget-image-box\" data-id=\"7690a2cf\" data-element_type=\"widget\" data-widget_type=\"image-box.default\">\n\t\t\t\t<div class=\"elementor-widget-container\">\n\t\t\t\t\t<div class=\"elementor-image-box-wrapper\"><figure class=\"elementor-image-box-img\"><a href=\"https:\/\/www.gov.br\/mast\/pt-br\" tabindex=\"-1\"><img loading=\"lazy\" decoding=\"async\" width=\"150\" height=\"150\" src=\"https:\/\/nitrio.org.br\/wp-content\/uploads\/2023\/04\/mast-1.png\" class=\"attachment-full size-full wp-image-1652\" alt=\"\" \/><\/a><\/figure><div class=\"elementor-image-box-content\"><h3 class=\"elementor-image-box-title\"><a href=\"https:\/\/www.gov.br\/mast\/pt-br\">Museu de Astronomia e Ci\u00eancias Afins \u2013 MAST<\/a><\/h3><p class=\"elementor-image-box-description\">O Museu de Astronomia e Ci\u00eancias Afins \u00e9 uma institui\u00e7\u00e3o de pesquisa e ensino voltada para hist\u00f3ria da ci\u00eancia, preserva\u00e7\u00e3o de acervos e educa\u00e7\u00e3o cient\u00edfica.\n\n<\/p><\/div><\/div>\t\t\t\t<\/div>\n\t\t\t\t<\/div>\n\t\t\t\t<div class=\"elementor-element elementor-element-746df768 elementor-view-default elementor-widget elementor-widget-icon\" data-id=\"746df768\" data-element_type=\"widget\" data-widget_type=\"icon.default\">\n\t\t\t\t<div class=\"elementor-widget-container\">\n\t\t\t\t\t\t\t<div class=\"elementor-icon-wrapper\">\n\t\t\t<a class=\"elementor-icon elementor-animation-grow\" href=\"https:\/\/www.flickr.com\/photos\/nit_rio\/sets\/72157648481067526\/\" target=\"_blank\">\n\t\t\t<i aria-hidden=\"true\" class=\"fas fa-photo-video\"><\/i>\t\t\t<\/a>\n\t\t<\/div>\n\t\t\t\t\t\t<\/div>\n\t\t\t\t<\/div>\n\t\t\t\t<div class=\"elementor-element elementor-element-8e365c6 elementor-view-default elementor-widget elementor-widget-icon\" data-id=\"8e365c6\" data-element_type=\"widget\" data-widget_type=\"icon.default\">\n\t\t\t\t<div class=\"elementor-widget-container\">\n\t\t\t\t\t\t\t<div class=\"elementor-icon-wrapper\">\n\t\t\t<a class=\"elementor-icon elementor-animation-grow\" href=\"https:\/\/www.youtube.com\/watch?v=eriSRCLrFLQ\" target=\"_blank\">\n\t\t\t<i aria-hidden=\"true\" class=\"fab fa-youtube\"><\/i>\t\t\t<\/a>\n\t\t<\/div>\n\t\t\t\t\t\t<\/div>\n\t\t\t\t<\/div>\n\t\t\t\t\t<\/div>\n\t\t\t\t<\/div>\n\t\t<div class=\"elementor-element elementor-element-46fc2104 e-flex e-con-boxed e-con e-parent\" data-id=\"46fc2104\" data-element_type=\"container\">\n\t\t\t\t\t<div class=\"e-con-inner\">\n\t\t\t\t<div class=\"elementor-element elementor-element-1734dd46 elementor-position-left elementor-widget__width-initial elementor-vertical-align-top elementor-widget elementor-widget-image-box\" data-id=\"1734dd46\" data-element_type=\"widget\" data-widget_type=\"image-box.default\">\n\t\t\t\t<div class=\"elementor-widget-container\">\n\t\t\t\t\t<div class=\"elementor-image-box-wrapper\"><figure class=\"elementor-image-box-img\"><a href=\"https:\/\/www.gov.br\/observatorio\/pt-br\" tabindex=\"-1\"><img loading=\"lazy\" decoding=\"async\" width=\"150\" height=\"150\" src=\"https:\/\/nitrio.org.br\/wp-content\/uploads\/2023\/04\/ON-1.jpg\" class=\"attachment-full size-full wp-image-1653\" alt=\"\" \/><\/a><\/figure><div class=\"elementor-image-box-content\"><h3 class=\"elementor-image-box-title\"><a href=\"https:\/\/www.gov.br\/observatorio\/pt-br\">Observat\u00f3rio Nacional \u2013 ON<\/a><\/h3><p class=\"elementor-image-box-description\">O Observat\u00f3rio Nacional, uma das mais antigas e respeitadas institui\u00e7\u00f5es de pesquisa e desenvolvimento do pa\u00eds, \u00e9 uma Unidade de Pesquisa do MCTI e tem como miss\u00e3o realizar pesquisa e desenvolvimento em Astronomia, Geof\u00edsica e Metrologia em Tempo e Frequ\u00eancia, formar pesquisadores em seus cursos de p\u00f3s-gradua\u00e7\u00e3o, capacitar profissionais, coordenar projetos e atividades nestas \u00e1reas e gerar, manter e disseminar a Hora Legal Brasileira.<\/p><\/div><\/div>\t\t\t\t<\/div>\n\t\t\t\t<\/div>\n\t\t\t\t<div class=\"elementor-element elementor-element-49498ef9 elementor-view-default elementor-widget elementor-widget-icon\" data-id=\"49498ef9\" data-element_type=\"widget\" data-widget_type=\"icon.default\">\n\t\t\t\t<div class=\"elementor-widget-container\">\n\t\t\t\t\t\t\t<div class=\"elementor-icon-wrapper\">\n\t\t\t<a class=\"elementor-icon elementor-animation-grow\" href=\"https:\/\/www.flickr.com\/photos\/nit_rio\/sets\/72157626121945922\/\" target=\"_blank\">\n\t\t\t<i aria-hidden=\"true\" class=\"fas fa-photo-video\"><\/i>\t\t\t<\/a>\n\t\t<\/div>\n\t\t\t\t\t\t<\/div>\n\t\t\t\t<\/div>\n\t\t\t\t<div class=\"elementor-element elementor-element-b93a979 elementor-view-default elementor-widget elementor-widget-icon\" data-id=\"b93a979\" data-element_type=\"widget\" data-widget_type=\"icon.default\">\n\t\t\t\t<div class=\"elementor-widget-container\">\n\t\t\t\t\t\t\t<div class=\"elementor-icon-wrapper\">\n\t\t\t<a class=\"elementor-icon elementor-animation-grow\" href=\"https:\/\/www.youtube.com\/watch?v=6A3ORQakZ_Y\" target=\"_blank\">\n\t\t\t<i aria-hidden=\"true\" class=\"fab fa-youtube\"><\/i>\t\t\t<\/a>\n\t\t<\/div>\n\t\t\t\t\t\t<\/div>\n\t\t\t\t<\/div>\n\t\t\t\t\t<\/div>\n\t\t\t\t<\/div>\n\t\t\t\t<\/div>\n\t\t","protected":false},"excerpt":{"rendered":"<p>Unidades de Pesquisa Institui\u00e7\u00f5es que fazem parte do NIT Rio Centro Brasileiro de Pesquisas F\u00edsicas \u2013 CBPF O CBPF \u00e9 uma institui\u00e7\u00e3o de pesquisa b\u00e1sica e aplicada em f\u00edsica, atuando como instituto nacional de f\u00edsica do MCTI e polo de forma\u00e7\u00e3o de novos pesquisadores, investiga\u00e7\u00e3o cient\u00edfica e desenvolvimento de tecnologia de ponta no Brasil. Centro [&hellip;]<\/p>\n","protected":false},"author":6,"featured_media":0,"parent":0,"menu_order":0,"comment_status":"closed","ping_status":"closed","template":"elementor_header_footer","meta":{"footnotes":""},"class_list":["post-1642","page","type-page","status-publish","hentry"],"_links":{"self":[{"href":"https:\/\/nitrio.org.br\/index.php?rest_route=\/wp\/v2\/pages\/1642","targetHints":{"allow":["GET"]}}],"collection":[{"href":"https:\/\/nitrio.org.br\/index.php?rest_route=\/wp\/v2\/pages"}],"about":[{"href":"https:\/\/nitrio.org.br\/index.php?rest_route=\/wp\/v2\/types\/page"}],"author":[{"embeddable":true,"href":"https:\/\/nitrio.org.br\/index.php?rest_route=\/wp\/v2\/users\/6"}],"replies":[{"embeddable":true,"href":"https:\/\/nitrio.org.br\/index.php?rest_route=%2Fwp%2Fv2%2Fcomments&post=1642"}],"version-history":[{"count":117,"href":"https:\/\/nitrio.org.br\/index.php?rest_route=\/wp\/v2\/pages\/1642\/revisions"}],"predecessor-version":[{"id":3993,"href":"https:\/\/nitrio.org.br\/index.php?rest_route=\/wp\/v2\/pages\/1642\/revisions\/3993"}],"wp:attachment":[{"href":"https:\/\/nitrio.org.br\/index.php?rest_route=%2Fwp%2Fv2%2Fmedia&parent=1642"}],"curies":[{"name":"wp","href":"https:\/\/api.w.org\/{rel}","templated":true}]}}