{"id":1547,"date":"2023-04-26T01:38:21","date_gmt":"2023-04-26T01:38:21","guid":{"rendered":"https:\/\/nitrio.org.br\/?page_id=1547"},"modified":"2024-02-20T20:20:03","modified_gmt":"2024-02-20T20:20:03","slug":"tecnologias-quanticas","status":"publish","type":"page","link":"https:\/\/nitrio.org.br\/?page_id=1547","title":{"rendered":"Tecnologias qu\u00e2nticas"},"content":{"rendered":"\t\t<div data-elementor-type=\"wp-page\" data-elementor-id=\"1547\" class=\"elementor elementor-1547\" data-elementor-post-type=\"page\">\n\t\t\t\t<div class=\"elementor-element elementor-element-569d2a72 e-flex e-con-boxed e-con e-parent\" data-id=\"569d2a72\" data-element_type=\"container\" data-settings=\"{&quot;background_background&quot;:&quot;classic&quot;}\">\n\t\t\t\t\t<div class=\"e-con-inner\">\n\t\t<div class=\"elementor-element elementor-element-628be90d e-con-full e-flex e-con e-parent\" data-id=\"628be90d\" data-element_type=\"container\">\n\t\t\t\t<div class=\"elementor-element elementor-element-5f5982d8 elementor-position-left elementor-vertical-align-top elementor-widget elementor-widget-image-box\" data-id=\"5f5982d8\" data-element_type=\"widget\" data-widget_type=\"image-box.default\">\n\t\t\t\t<div class=\"elementor-widget-container\">\n\t\t\t\t\t<div class=\"elementor-image-box-wrapper\"><figure class=\"elementor-image-box-img\"><img decoding=\"async\" width=\"100\" height=\"120\" src=\"https:\/\/nitrio.org.br\/wp-content\/uploads\/2023\/04\/icon-nit2.svg\" class=\"attachment-full size-full wp-image-1337\" alt=\"\" \/><\/figure><div class=\"elementor-image-box-content\"><h3 class=\"elementor-image-box-title\">Tecnologias Qu\u00e2nticas<\/h3><\/div><\/div>\t\t\t\t<\/div>\n\t\t\t\t<\/div>\n\t\t\t\t<\/div>\n\t\t\t\t\t<\/div>\n\t\t\t\t<\/div>\n\t\t<div class=\"elementor-element elementor-element-675d8aaa e-flex e-con-boxed e-con e-parent\" data-id=\"675d8aaa\" data-element_type=\"container\" data-settings=\"{&quot;background_background&quot;:&quot;classic&quot;}\">\n\t\t\t\t\t<div class=\"e-con-inner\">\n\t\t\t\t<div class=\"elementor-element elementor-element-4b7dbc59 elementor-widget__width-initial elementor--h-position-center elementor--v-position-middle elementor-arrows-position-inside elementor-pagination-position-inside elementor-widget elementor-widget-slides\" data-id=\"4b7dbc59\" data-element_type=\"widget\" data-settings=\"{&quot;navigation&quot;:&quot;both&quot;,&quot;autoplay&quot;:&quot;yes&quot;,&quot;pause_on_hover&quot;:&quot;yes&quot;,&quot;pause_on_interaction&quot;:&quot;yes&quot;,&quot;autoplay_speed&quot;:5000,&quot;infinite&quot;:&quot;yes&quot;,&quot;transition&quot;:&quot;slide&quot;,&quot;transition_speed&quot;:500}\" data-widget_type=\"slides.default\">\n\t\t\t\t<div class=\"elementor-widget-container\">\n\t\t\t\t\t\t\t\t\t<div class=\"elementor-swiper\">\n\t\t\t\t\t<div class=\"elementor-slides-wrapper elementor-main-swiper swiper\" role=\"region\" aria-roledescription=\"carousel\" aria-label=\"Slides\" dir=\"ltr\" data-animation=\"fadeInUp\">\n\t\t\t\t<div class=\"swiper-wrapper elementor-slides\">\n\t\t\t\t\t\t\t\t\t\t<div class=\"elementor-repeater-item-fdef51e swiper-slide\" role=\"group\" aria-roledescription=\"slide\"><div class=\"swiper-slide-bg\" role=\"img\" aria-label=\"banner-quantica\"><\/div><div class=\"swiper-slide-inner\" ><div class=\"swiper-slide-contents\"><\/div><\/div><\/div>\t\t\t\t<\/div>\n\t\t\t\t\t\t\t<\/div>\n\t\t\t\t<\/div>\n\t\t\t\t\t\t\t\t<\/div>\n\t\t\t\t<\/div>\n\t\t<div class=\"elementor-element elementor-element-12ff2bbc e-con-full e-flex e-con e-parent\" data-id=\"12ff2bbc\" data-element_type=\"container\">\n\t\t\t\t<div class=\"elementor-element elementor-element-51e9e633 elementor-widget elementor-widget-heading\" data-id=\"51e9e633\" data-element_type=\"widget\" data-widget_type=\"heading.default\">\n\t\t\t\t<div class=\"elementor-widget-container\">\n\t\t\t\t\t<h2 class=\"elementor-heading-title elementor-size-default\">Tecnologias em desenvolvimento em processamento, simula\u00e7\u00e3o e informa\u00e7\u00e3o qu\u00e2nticas<\/h2>\t\t\t\t<\/div>\n\t\t\t\t<\/div>\n\t\t\t\t<div class=\"elementor-element elementor-element-749a8a16 elementor-widget elementor-widget-text-editor\" data-id=\"749a8a16\" data-element_type=\"widget\" data-widget_type=\"text-editor.default\">\n\t\t\t\t<div class=\"elementor-widget-container\">\n\t\t\t\t\t\t\t\t\t<p>As tecnologias qu\u00e2nticas, como a computa\u00e7\u00e3o qu\u00e2ntica est\u00e3o revolucionando a forma como as empresas lidam com a seguran\u00e7a, a criptografia e o processamento de dados. Com aplica\u00e7\u00f5es em \u00e1reas como intelig\u00eancia artificial, log\u00edstica e finan\u00e7as, a computa\u00e7\u00e3o qu\u00e2ntica tem o potencial de resolver problemas complexos que est\u00e3o al\u00e9m da capacidade dos sistemas tradicionais. O CBPF possui pesquisadores que desenvolvem os materiais necess\u00e1rios para a constru\u00e7\u00e3o de chips qu\u00e2nticos, al\u00e9m de estudar o comportamento da computa\u00e7\u00e3o qu\u00e2ntica utilizando computadores e outras t\u00e9cnicas. O LNCC desenvolve t\u00e9cnicas de criptografia qu\u00e2ntica, que j\u00e1 se provou ser muito superior aos m\u00e9todos convencionais de criptografia, o que impacta diretamente na seguran\u00e7a da informa\u00e7\u00e3o. Investir em tecnologias qu\u00e2nticas \u00e9 uma oportunidade de neg\u00f3cios para empresas que buscam se destacar em um mercado cada vez mais tecnol\u00f3gico e competitivo.<\/p>\t\t\t\t\t\t\t\t<\/div>\n\t\t\t\t<\/div>\n\t\t\t\t<\/div>\n\t\t\t\t\t<\/div>\n\t\t\t\t<\/div>\n\t\t<div class=\"elementor-element elementor-element-3f57798 e-flex e-con-boxed e-con e-parent\" data-id=\"3f57798\" data-element_type=\"container\">\n\t\t\t\t\t<div class=\"e-con-inner\">\n\t\t\t\t<div class=\"elementor-element elementor-element-8d1db68 elementor-widget elementor-widget-heading\" data-id=\"8d1db68\" data-element_type=\"widget\" data-widget_type=\"heading.default\">\n\t\t\t\t<div class=\"elementor-widget-container\">\n\t\t\t\t\t<h2 class=\"elementor-heading-title elementor-size-default\">Institui\u00e7\u00f5es que desenvolvem projetos em Tecnologias Qu\u00e2nticas\n<\/h2>\t\t\t\t<\/div>\n\t\t\t\t<\/div>\n\t\t\t\t\t<\/div>\n\t\t\t\t<\/div>\n\t\t<div class=\"elementor-element elementor-element-58c484e5 e-flex e-con-boxed e-con e-parent\" data-id=\"58c484e5\" data-element_type=\"container\">\n\t\t\t\t\t<div class=\"e-con-inner\">\n\t\t\t\t<div class=\"elementor-element elementor-element-5c9b56b3 elementor-position-left elementor-vertical-align-top elementor-widget elementor-widget-image-box\" data-id=\"5c9b56b3\" data-element_type=\"widget\" data-widget_type=\"image-box.default\">\n\t\t\t\t<div class=\"elementor-widget-container\">\n\t\t\t\t\t<div class=\"elementor-image-box-wrapper\"><figure class=\"elementor-image-box-img\"><img fetchpriority=\"high\" decoding=\"async\" width=\"700\" height=\"700\" src=\"https:\/\/nitrio.org.br\/wp-content\/uploads\/2023\/04\/cbpf.png\" class=\"attachment-full size-full wp-image-364\" alt=\"\" srcset=\"https:\/\/nitrio.org.br\/wp-content\/uploads\/2023\/04\/cbpf.png 700w, https:\/\/nitrio.org.br\/wp-content\/uploads\/2023\/04\/cbpf-300x300.png 300w, https:\/\/nitrio.org.br\/wp-content\/uploads\/2023\/04\/cbpf-150x150.png 150w\" sizes=\"(max-width: 700px) 100vw, 700px\" \/><\/figure><div class=\"elementor-image-box-content\"><p class=\"elementor-image-box-description\">CBPF - Centro Brasileiro de Pesquisas F\u00edsicas<\/p><\/div><\/div>\t\t\t\t<\/div>\n\t\t\t\t<\/div>\n\t\t\t\t<div class=\"elementor-element elementor-element-1b7b5fa2 elementor-position-left elementor-vertical-align-middle elementor-widget elementor-widget-image-box\" data-id=\"1b7b5fa2\" data-element_type=\"widget\" data-widget_type=\"image-box.default\">\n\t\t\t\t<div class=\"elementor-widget-container\">\n\t\t\t\t\t<div class=\"elementor-image-box-wrapper\"><figure class=\"elementor-image-box-img\"><img decoding=\"async\" width=\"150\" height=\"150\" src=\"https:\/\/nitrio.org.br\/wp-content\/uploads\/2023\/04\/LNCC.png\" class=\"attachment-full size-full wp-image-538\" alt=\"\" \/><\/figure><div class=\"elementor-image-box-content\"><p class=\"elementor-image-box-description\">LNCC - Laborat\u00f3rio Nacional de Computa\u00e7\u00e3o Cient\u00edfica\n<\/p><\/div><\/div>\t\t\t\t<\/div>\n\t\t\t\t<\/div>\n\t\t\t\t\t<\/div>\n\t\t\t\t<\/div>\n\t\t<div class=\"elementor-element elementor-element-4a2a89a8 e-flex e-con-boxed e-con e-parent\" data-id=\"4a2a89a8\" data-element_type=\"container\" data-settings=\"{&quot;background_background&quot;:&quot;classic&quot;}\">\n\t\t\t\t\t<div class=\"e-con-inner\">\n\t\t\t\t<div class=\"elementor-element elementor-element-1e7b5a81 elementor-widget__width-initial elementor-widget elementor-widget-heading\" data-id=\"1e7b5a81\" data-element_type=\"widget\" data-widget_type=\"heading.default\">\n\t\t\t\t<div class=\"elementor-widget-container\">\n\t\t\t\t\t<h2 class=\"elementor-heading-title elementor-size-default\">Venha explorar nosso ecossistema inovador, compartilhar nossas <br>experi\u00eancias e se conectar.<\/h2>\t\t\t\t<\/div>\n\t\t\t\t<\/div>\n\t\t\t\t<div class=\"elementor-element elementor-element-13b37f9b elementor-align-center elementor-widget elementor-widget-button\" data-id=\"13b37f9b\" data-element_type=\"widget\" data-widget_type=\"button.default\">\n\t\t\t\t<div class=\"elementor-widget-container\">\n\t\t\t\t\t\t\t\t\t<div class=\"elementor-button-wrapper\">\n\t\t\t\t\t<a class=\"elementor-button elementor-button-link elementor-size-sm elementor-animation-grow\" href=\"https:\/\/nitrio.org.br\/?page_id=1711\">\n\t\t\t\t\t\t<span class=\"elementor-button-content-wrapper\">\n\t\t\t\t\t\t\t\t\t<span class=\"elementor-button-text\">Contato<\/span>\n\t\t\t\t\t<\/span>\n\t\t\t\t\t<\/a>\n\t\t\t\t<\/div>\n\t\t\t\t\t\t\t\t<\/div>\n\t\t\t\t<\/div>\n\t\t\t\t\t<\/div>\n\t\t\t\t<\/div>\n\t\t\t\t<\/div>\n\t\t","protected":false},"excerpt":{"rendered":"<p>Tecnologias Qu\u00e2nticas Tecnologias em desenvolvimento em processamento, simula\u00e7\u00e3o e informa\u00e7\u00e3o qu\u00e2nticas As tecnologias qu\u00e2nticas, como a computa\u00e7\u00e3o qu\u00e2ntica est\u00e3o revolucionando a forma como as empresas lidam com a seguran\u00e7a, a criptografia e o processamento de dados. Com aplica\u00e7\u00f5es em \u00e1reas como intelig\u00eancia artificial, log\u00edstica e finan\u00e7as, a computa\u00e7\u00e3o qu\u00e2ntica tem o potencial de resolver problemas [&hellip;]<\/p>\n","protected":false},"author":6,"featured_media":0,"parent":0,"menu_order":0,"comment_status":"closed","ping_status":"closed","template":"elementor_header_footer","meta":{"footnotes":""},"class_list":["post-1547","page","type-page","status-publish","hentry"],"_links":{"self":[{"href":"https:\/\/nitrio.org.br\/index.php?rest_route=\/wp\/v2\/pages\/1547","targetHints":{"allow":["GET"]}}],"collection":[{"href":"https:\/\/nitrio.org.br\/index.php?rest_route=\/wp\/v2\/pages"}],"about":[{"href":"https:\/\/nitrio.org.br\/index.php?rest_route=\/wp\/v2\/types\/page"}],"author":[{"embeddable":true,"href":"https:\/\/nitrio.org.br\/index.php?rest_route=\/wp\/v2\/users\/6"}],"replies":[{"embeddable":true,"href":"https:\/\/nitrio.org.br\/index.php?rest_route=%2Fwp%2Fv2%2Fcomments&post=1547"}],"version-history":[{"count":35,"href":"https:\/\/nitrio.org.br\/index.php?rest_route=\/wp\/v2\/pages\/1547\/revisions"}],"predecessor-version":[{"id":3884,"href":"https:\/\/nitrio.org.br\/index.php?rest_route=\/wp\/v2\/pages\/1547\/revisions\/3884"}],"wp:attachment":[{"href":"https:\/\/nitrio.org.br\/index.php?rest_route=%2Fwp%2Fv2%2Fmedia&parent=1547"}],"curies":[{"name":"wp","href":"https:\/\/api.w.org\/{rel}","templated":true}]}}