{"id":1521,"date":"2023-04-26T01:23:47","date_gmt":"2023-04-26T01:23:47","guid":{"rendered":"https:\/\/nitrio.org.br\/?page_id=1521"},"modified":"2024-02-20T20:20:28","modified_gmt":"2024-02-20T20:20:28","slug":"tecnologia-da-informacao-e-comunicacao-avancadas","status":"publish","type":"page","link":"https:\/\/nitrio.org.br\/?page_id=1521","title":{"rendered":"Tecnologia da informa\u00e7\u00e3o e comunica\u00e7\u00e3o avan\u00e7adas"},"content":{"rendered":"\t\t<div data-elementor-type=\"wp-page\" data-elementor-id=\"1521\" class=\"elementor elementor-1521\" data-elementor-post-type=\"page\">\n\t\t\t\t<div class=\"elementor-element elementor-element-73b20731 e-flex e-con-boxed e-con e-parent\" data-id=\"73b20731\" data-element_type=\"container\" data-settings=\"{&quot;background_background&quot;:&quot;classic&quot;}\">\n\t\t\t\t\t<div class=\"e-con-inner\">\n\t\t<div class=\"elementor-element elementor-element-7ee4b028 e-con-full e-flex e-con e-parent\" data-id=\"7ee4b028\" data-element_type=\"container\">\n\t\t\t\t<div class=\"elementor-element elementor-element-666f5405 elementor-position-left elementor-vertical-align-top elementor-widget elementor-widget-image-box\" data-id=\"666f5405\" data-element_type=\"widget\" data-widget_type=\"image-box.default\">\n\t\t\t\t<div class=\"elementor-widget-container\">\n\t\t\t\t\t<div class=\"elementor-image-box-wrapper\"><figure class=\"elementor-image-box-img\"><img decoding=\"async\" width=\"100\" height=\"120\" src=\"https:\/\/nitrio.org.br\/wp-content\/uploads\/2023\/04\/icon-nit2.svg\" class=\"attachment-full size-full wp-image-1337\" alt=\"\" \/><\/figure><div class=\"elementor-image-box-content\"><h3 class=\"elementor-image-box-title\">Tecnologia da Informa\u00e7\u00e3o e Comunica\u00e7\u00e3o Avan\u00e7adas<\/h3><\/div><\/div>\t\t\t\t<\/div>\n\t\t\t\t<\/div>\n\t\t\t\t<\/div>\n\t\t\t\t\t<\/div>\n\t\t\t\t<\/div>\n\t\t<div class=\"elementor-element elementor-element-22983e3f e-flex e-con-boxed e-con e-parent\" data-id=\"22983e3f\" data-element_type=\"container\" data-settings=\"{&quot;background_background&quot;:&quot;classic&quot;}\">\n\t\t\t\t\t<div class=\"e-con-inner\">\n\t\t\t\t<div class=\"elementor-element elementor-element-2a3969d9 elementor-widget__width-initial elementor--h-position-center elementor--v-position-middle elementor-arrows-position-inside elementor-pagination-position-inside elementor-widget elementor-widget-slides\" data-id=\"2a3969d9\" data-element_type=\"widget\" data-settings=\"{&quot;navigation&quot;:&quot;both&quot;,&quot;autoplay&quot;:&quot;yes&quot;,&quot;pause_on_hover&quot;:&quot;yes&quot;,&quot;pause_on_interaction&quot;:&quot;yes&quot;,&quot;autoplay_speed&quot;:5000,&quot;infinite&quot;:&quot;yes&quot;,&quot;transition&quot;:&quot;slide&quot;,&quot;transition_speed&quot;:500}\" data-widget_type=\"slides.default\">\n\t\t\t\t<div class=\"elementor-widget-container\">\n\t\t\t\t\t\t\t\t\t<div class=\"elementor-swiper\">\n\t\t\t\t\t<div class=\"elementor-slides-wrapper elementor-main-swiper swiper\" role=\"region\" aria-roledescription=\"carousel\" aria-label=\"Slides\" dir=\"ltr\" data-animation=\"fadeInUp\">\n\t\t\t\t<div class=\"swiper-wrapper elementor-slides\">\n\t\t\t\t\t\t\t\t\t\t<div class=\"elementor-repeater-item-fdef51e swiper-slide\" role=\"group\" aria-roledescription=\"slide\"><div class=\"swiper-slide-bg\" role=\"img\" aria-label=\"banner-ti\"><\/div><div class=\"swiper-slide-inner\" ><div class=\"swiper-slide-contents\"><\/div><\/div><\/div>\t\t\t\t<\/div>\n\t\t\t\t\t\t\t<\/div>\n\t\t\t\t<\/div>\n\t\t\t\t\t\t\t\t<\/div>\n\t\t\t\t<\/div>\n\t\t<div class=\"elementor-element elementor-element-7b25b4fa e-con-full e-flex e-con e-parent\" data-id=\"7b25b4fa\" data-element_type=\"container\">\n\t\t\t\t<div class=\"elementor-element elementor-element-577a8d95 elementor-widget elementor-widget-heading\" data-id=\"577a8d95\" data-element_type=\"widget\" data-widget_type=\"heading.default\">\n\t\t\t\t<div class=\"elementor-widget-container\">\n\t\t\t\t\t<h2 class=\"elementor-heading-title elementor-size-default\">Tecnologias avan\u00e7adas em redes, criptografia e ciberseguran\u00e7a, dispositivos remotamente conectados\n<\/h2>\t\t\t\t<\/div>\n\t\t\t\t<\/div>\n\t\t\t\t<div class=\"elementor-element elementor-element-1b20cb7d elementor-widget elementor-widget-text-editor\" data-id=\"1b20cb7d\" data-element_type=\"widget\" data-widget_type=\"text-editor.default\">\n\t\t\t\t<div class=\"elementor-widget-container\">\n\t\t\t\t\t\t\t\t\t<p>Investir em tecnologia da informa\u00e7\u00e3o e comunica\u00e7\u00e3o \u00e9 essencial para empresas que buscam se manter competitivas em um mundo cada vez mais digital e conectado. A Tecnologia da Informa\u00e7\u00e3o e Comunica\u00e7\u00e3o (TIC) \u00e9 um dos pilares fundamentais da transforma\u00e7\u00e3o digital nas empresas. Atrav\u00e9s do uso de solu\u00e7\u00f5es como sistemas de gest\u00e3o integrada, intelig\u00eancia artificial e computa\u00e7\u00e3o em nuvem, as empresas podem aumentar sua efici\u00eancia, reduzir custos e melhorar a tomada de decis\u00f5es. O CBPF possui o Rio Datacenter e faz parte da Rede Rio, que \u00e9 respons\u00e1vel por gerir a comunica\u00e7\u00e3o de universidades, outras Unidades de Pesquisa e outros \u00f3rg\u00e3os estrat\u00e9gicos. Al\u00e9m disso, tecnologias avan\u00e7adas nessa \u00e1rea tamb\u00e9m podem aumentar a capacidade de comunica\u00e7\u00e3o entre colaboradores e clientes, resultando no aperfei\u00e7oamento da experi\u00eancia do usu\u00e1rio.<\/p>\t\t\t\t\t\t\t\t<\/div>\n\t\t\t\t<\/div>\n\t\t\t\t<\/div>\n\t\t\t\t\t<\/div>\n\t\t\t\t<\/div>\n\t\t<div class=\"elementor-element elementor-element-474f1f3 e-flex e-con-boxed e-con e-parent\" data-id=\"474f1f3\" data-element_type=\"container\">\n\t\t\t\t\t<div class=\"e-con-inner\">\n\t\t\t\t<div class=\"elementor-element elementor-element-5422603 elementor-widget elementor-widget-heading\" data-id=\"5422603\" data-element_type=\"widget\" data-widget_type=\"heading.default\">\n\t\t\t\t<div class=\"elementor-widget-container\">\n\t\t\t\t\t<h2 class=\"elementor-heading-title elementor-size-default\">Institui\u00e7\u00f5es que desenvolvem projetos em Tecnologia da Informa\u00e7\u00e3o e Comunica\u00e7\u00e3o Avan\u00e7adas\n<\/h2>\t\t\t\t<\/div>\n\t\t\t\t<\/div>\n\t\t\t\t\t<\/div>\n\t\t\t\t<\/div>\n\t\t<div class=\"elementor-element elementor-element-27078659 e-flex e-con-boxed e-con e-parent\" data-id=\"27078659\" data-element_type=\"container\">\n\t\t\t\t\t<div class=\"e-con-inner\">\n\t\t\t\t<div class=\"elementor-element elementor-element-66533d24 elementor-position-left elementor-vertical-align-top elementor-widget elementor-widget-image-box\" data-id=\"66533d24\" data-element_type=\"widget\" data-widget_type=\"image-box.default\">\n\t\t\t\t<div class=\"elementor-widget-container\">\n\t\t\t\t\t<div class=\"elementor-image-box-wrapper\"><figure class=\"elementor-image-box-img\"><img fetchpriority=\"high\" decoding=\"async\" width=\"700\" height=\"700\" src=\"https:\/\/nitrio.org.br\/wp-content\/uploads\/2023\/04\/cbpf.png\" class=\"attachment-full size-full wp-image-364\" alt=\"\" srcset=\"https:\/\/nitrio.org.br\/wp-content\/uploads\/2023\/04\/cbpf.png 700w, https:\/\/nitrio.org.br\/wp-content\/uploads\/2023\/04\/cbpf-300x300.png 300w, https:\/\/nitrio.org.br\/wp-content\/uploads\/2023\/04\/cbpf-150x150.png 150w\" sizes=\"(max-width: 700px) 100vw, 700px\" \/><\/figure><div class=\"elementor-image-box-content\"><p class=\"elementor-image-box-description\">CBPF - Centro Brasileiro de Pesquisas F\u00edsicas<\/p><\/div><\/div>\t\t\t\t<\/div>\n\t\t\t\t<\/div>\n\t\t\t\t<div class=\"elementor-element elementor-element-1f730ce elementor-position-left elementor-vertical-align-middle elementor-widget elementor-widget-image-box\" data-id=\"1f730ce\" data-element_type=\"widget\" data-widget_type=\"image-box.default\">\n\t\t\t\t<div class=\"elementor-widget-container\">\n\t\t\t\t\t<div class=\"elementor-image-box-wrapper\"><figure class=\"elementor-image-box-img\"><img decoding=\"async\" width=\"150\" height=\"150\" src=\"https:\/\/nitrio.org.br\/wp-content\/uploads\/2023\/04\/ibict-1.png\" class=\"attachment-full size-full wp-image-1648\" alt=\"\" \/><\/figure><div class=\"elementor-image-box-content\"><p class=\"elementor-image-box-description\">IBICT - Instituto Brasileiro de Informa\u00e7\u00e3o em Ci\u00eancia e Tecnologia<\/p><\/div><\/div>\t\t\t\t<\/div>\n\t\t\t\t<\/div>\n\t\t\t\t<div class=\"elementor-element elementor-element-c285ad4 elementor-position-left elementor-vertical-align-middle elementor-widget elementor-widget-image-box\" data-id=\"c285ad4\" data-element_type=\"widget\" data-widget_type=\"image-box.default\">\n\t\t\t\t<div class=\"elementor-widget-container\">\n\t\t\t\t\t<div class=\"elementor-image-box-wrapper\"><figure class=\"elementor-image-box-img\"><img loading=\"lazy\" decoding=\"async\" width=\"150\" height=\"150\" src=\"https:\/\/nitrio.org.br\/wp-content\/uploads\/2023\/04\/LNCC.png\" class=\"attachment-full size-full wp-image-538\" alt=\"\" \/><\/figure><div class=\"elementor-image-box-content\"><p class=\"elementor-image-box-description\">LNCC - Laborat\u00f3rio Nacional de Computa\u00e7\u00e3o Cient\u00edfica\n<\/p><\/div><\/div>\t\t\t\t<\/div>\n\t\t\t\t<\/div>\n\t\t\t\t\t<\/div>\n\t\t\t\t<\/div>\n\t\t<div class=\"elementor-element elementor-element-5b7d1c18 e-flex e-con-boxed e-con e-parent\" data-id=\"5b7d1c18\" data-element_type=\"container\" data-settings=\"{&quot;background_background&quot;:&quot;classic&quot;}\">\n\t\t\t\t\t<div class=\"e-con-inner\">\n\t\t\t\t<div class=\"elementor-element elementor-element-650c53ce elementor-widget__width-initial elementor-widget elementor-widget-heading\" data-id=\"650c53ce\" data-element_type=\"widget\" data-widget_type=\"heading.default\">\n\t\t\t\t<div class=\"elementor-widget-container\">\n\t\t\t\t\t<h2 class=\"elementor-heading-title elementor-size-default\">Venha explorar nosso ecossistema inovador, compartilhar nossas <br>experi\u00eancias e se conectar.<\/h2>\t\t\t\t<\/div>\n\t\t\t\t<\/div>\n\t\t\t\t<div class=\"elementor-element elementor-element-43e9481a elementor-align-center elementor-widget elementor-widget-button\" data-id=\"43e9481a\" data-element_type=\"widget\" data-widget_type=\"button.default\">\n\t\t\t\t<div class=\"elementor-widget-container\">\n\t\t\t\t\t\t\t\t\t<div class=\"elementor-button-wrapper\">\n\t\t\t\t\t<a class=\"elementor-button elementor-button-link elementor-size-sm elementor-animation-grow\" href=\"https:\/\/nitrio.org.br\/?page_id=1711\">\n\t\t\t\t\t\t<span class=\"elementor-button-content-wrapper\">\n\t\t\t\t\t\t\t\t\t<span class=\"elementor-button-text\">Contato<\/span>\n\t\t\t\t\t<\/span>\n\t\t\t\t\t<\/a>\n\t\t\t\t<\/div>\n\t\t\t\t\t\t\t\t<\/div>\n\t\t\t\t<\/div>\n\t\t\t\t\t<\/div>\n\t\t\t\t<\/div>\n\t\t\t\t<\/div>\n\t\t","protected":false},"excerpt":{"rendered":"<p>Tecnologia da Informa\u00e7\u00e3o e Comunica\u00e7\u00e3o Avan\u00e7adas Tecnologias avan\u00e7adas em redes, criptografia e ciberseguran\u00e7a, dispositivos remotamente conectados Investir em tecnologia da informa\u00e7\u00e3o e comunica\u00e7\u00e3o \u00e9 essencial para empresas que buscam se manter competitivas em um mundo cada vez mais digital e conectado. A Tecnologia da Informa\u00e7\u00e3o e Comunica\u00e7\u00e3o (TIC) \u00e9 um dos pilares fundamentais da transforma\u00e7\u00e3o [&hellip;]<\/p>\n","protected":false},"author":6,"featured_media":0,"parent":0,"menu_order":0,"comment_status":"closed","ping_status":"closed","template":"elementor_header_footer","meta":{"footnotes":""},"class_list":["post-1521","page","type-page","status-publish","hentry"],"_links":{"self":[{"href":"https:\/\/nitrio.org.br\/index.php?rest_route=\/wp\/v2\/pages\/1521","targetHints":{"allow":["GET"]}}],"collection":[{"href":"https:\/\/nitrio.org.br\/index.php?rest_route=\/wp\/v2\/pages"}],"about":[{"href":"https:\/\/nitrio.org.br\/index.php?rest_route=\/wp\/v2\/types\/page"}],"author":[{"embeddable":true,"href":"https:\/\/nitrio.org.br\/index.php?rest_route=\/wp\/v2\/users\/6"}],"replies":[{"embeddable":true,"href":"https:\/\/nitrio.org.br\/index.php?rest_route=%2Fwp%2Fv2%2Fcomments&post=1521"}],"version-history":[{"count":41,"href":"https:\/\/nitrio.org.br\/index.php?rest_route=\/wp\/v2\/pages\/1521\/revisions"}],"predecessor-version":[{"id":3893,"href":"https:\/\/nitrio.org.br\/index.php?rest_route=\/wp\/v2\/pages\/1521\/revisions\/3893"}],"wp:attachment":[{"href":"https:\/\/nitrio.org.br\/index.php?rest_route=%2Fwp%2Fv2%2Fmedia&parent=1521"}],"curies":[{"name":"wp","href":"https:\/\/api.w.org\/{rel}","templated":true}]}}