{"id":1435,"date":"2023-04-26T00:24:26","date_gmt":"2023-04-26T00:24:26","guid":{"rendered":"https:\/\/nitrio.org.br\/?page_id=1435"},"modified":"2024-02-20T20:20:39","modified_gmt":"2024-02-20T20:20:39","slug":"inclusao-e-acessibilidade","status":"publish","type":"page","link":"https:\/\/nitrio.org.br\/?page_id=1435","title":{"rendered":"Inclus\u00e3o e acessibilidade"},"content":{"rendered":"\t\t<div data-elementor-type=\"wp-page\" data-elementor-id=\"1435\" class=\"elementor elementor-1435\" data-elementor-post-type=\"page\">\n\t\t\t\t<div class=\"elementor-element elementor-element-787f9208 e-flex e-con-boxed e-con e-parent\" data-id=\"787f9208\" data-element_type=\"container\" data-settings=\"{&quot;background_background&quot;:&quot;classic&quot;}\">\n\t\t\t\t\t<div class=\"e-con-inner\">\n\t\t<div class=\"elementor-element elementor-element-3905c8eb e-con-full e-flex e-con e-parent\" data-id=\"3905c8eb\" data-element_type=\"container\">\n\t\t\t\t<div class=\"elementor-element elementor-element-6bb756ce elementor-position-left elementor-vertical-align-top elementor-widget elementor-widget-image-box\" data-id=\"6bb756ce\" data-element_type=\"widget\" data-widget_type=\"image-box.default\">\n\t\t\t\t<div class=\"elementor-widget-container\">\n\t\t\t\t\t<div class=\"elementor-image-box-wrapper\"><figure class=\"elementor-image-box-img\"><img decoding=\"async\" width=\"100\" height=\"120\" src=\"https:\/\/nitrio.org.br\/wp-content\/uploads\/2023\/04\/icon-nit2.svg\" class=\"attachment-full size-full wp-image-1337\" alt=\"\" \/><\/figure><div class=\"elementor-image-box-content\"><h3 class=\"elementor-image-box-title\">Inclus\u00e3o e Acessibilidade<\/h3><\/div><\/div>\t\t\t\t<\/div>\n\t\t\t\t<\/div>\n\t\t\t\t<\/div>\n\t\t\t\t\t<\/div>\n\t\t\t\t<\/div>\n\t\t<div class=\"elementor-element elementor-element-4f31ae e-flex e-con-boxed e-con e-parent\" data-id=\"4f31ae\" data-element_type=\"container\" data-settings=\"{&quot;background_background&quot;:&quot;classic&quot;}\">\n\t\t\t\t\t<div class=\"e-con-inner\">\n\t\t\t\t<div class=\"elementor-element elementor-element-b9c7de0 elementor-widget__width-initial elementor--h-position-center elementor--v-position-middle elementor-arrows-position-inside elementor-pagination-position-inside elementor-widget elementor-widget-slides\" data-id=\"b9c7de0\" data-element_type=\"widget\" data-settings=\"{&quot;navigation&quot;:&quot;both&quot;,&quot;autoplay&quot;:&quot;yes&quot;,&quot;pause_on_hover&quot;:&quot;yes&quot;,&quot;pause_on_interaction&quot;:&quot;yes&quot;,&quot;autoplay_speed&quot;:5000,&quot;infinite&quot;:&quot;yes&quot;,&quot;transition&quot;:&quot;slide&quot;,&quot;transition_speed&quot;:500}\" data-widget_type=\"slides.default\">\n\t\t\t\t<div class=\"elementor-widget-container\">\n\t\t\t\t\t\t\t\t\t<div class=\"elementor-swiper\">\n\t\t\t\t\t<div class=\"elementor-slides-wrapper elementor-main-swiper swiper\" role=\"region\" aria-roledescription=\"carousel\" aria-label=\"Slides\" dir=\"ltr\" data-animation=\"fadeInUp\">\n\t\t\t\t<div class=\"swiper-wrapper elementor-slides\">\n\t\t\t\t\t\t\t\t\t\t<div class=\"elementor-repeater-item-fdef51e swiper-slide\" role=\"group\" aria-roledescription=\"slide\"><div class=\"swiper-slide-bg\" role=\"img\" aria-label=\"acessibilidade-e-inclusao-1-\"><\/div><div class=\"swiper-slide-inner\" ><div class=\"swiper-slide-contents\"><\/div><\/div><\/div><div class=\"elementor-repeater-item-32f8dd6 swiper-slide\" role=\"group\" aria-roledescription=\"slide\"><div class=\"swiper-slide-bg\" role=\"img\" aria-label=\"acessibilidade e inclusao 4\"><\/div><div class=\"swiper-slide-inner\" ><div class=\"swiper-slide-contents\"><\/div><\/div><\/div><div class=\"elementor-repeater-item-216f607 swiper-slide\" role=\"group\" aria-roledescription=\"slide\"><div class=\"swiper-slide-bg\" role=\"img\" aria-label=\"acessibilidade e inclusao 3\"><\/div><div class=\"swiper-slide-inner\" ><div class=\"swiper-slide-contents\"><\/div><\/div><\/div><div class=\"elementor-repeater-item-be941a4 swiper-slide\" role=\"group\" aria-roledescription=\"slide\"><div class=\"swiper-slide-bg\" role=\"img\" aria-label=\"acessibilidade e inclus\u00e3o 2\"><\/div><div class=\"swiper-slide-inner\" ><div class=\"swiper-slide-contents\"><\/div><\/div><\/div><div class=\"elementor-repeater-item-d817922 swiper-slide\" role=\"group\" aria-roledescription=\"slide\"><div class=\"swiper-slide-bg\" role=\"img\" aria-label=\"acessibilidade e inclusao 5\"><\/div><div class=\"swiper-slide-inner\" ><div class=\"swiper-slide-contents\"><\/div><\/div><\/div>\t\t\t\t<\/div>\n\t\t\t\t\t\t\t\t\t\t\t\t\t\t\t<div class=\"elementor-swiper-button elementor-swiper-button-prev\" role=\"button\" tabindex=\"0\" aria-label=\"Slide anterior\">\n\t\t\t\t\t\t\t<i aria-hidden=\"true\" class=\"eicon-chevron-left\"><\/i>\t\t\t\t\t\t<\/div>\n\t\t\t\t\t\t<div class=\"elementor-swiper-button elementor-swiper-button-next\" role=\"button\" tabindex=\"0\" aria-label=\"Pr\u00f3ximo slide\">\n\t\t\t\t\t\t\t<i aria-hidden=\"true\" class=\"eicon-chevron-right\"><\/i>\t\t\t\t\t\t<\/div>\n\t\t\t\t\t\t\t\t\t\t\t\t\t\t\t\t<div class=\"swiper-pagination\"><\/div>\n\t\t\t\t\t\t\t\t\t\t\t\t<\/div>\n\t\t\t\t<\/div>\n\t\t\t\t\t\t\t\t<\/div>\n\t\t\t\t<\/div>\n\t\t<div class=\"elementor-element elementor-element-1056e357 e-con-full e-flex e-con e-parent\" data-id=\"1056e357\" data-element_type=\"container\">\n\t\t\t\t<div class=\"elementor-element elementor-element-4c5e7e16 elementor-widget elementor-widget-heading\" data-id=\"4c5e7e16\" data-element_type=\"widget\" data-widget_type=\"heading.default\">\n\t\t\t\t<div class=\"elementor-widget-container\">\n\t\t\t\t\t<h2 class=\"elementor-heading-title elementor-size-default\">Tecnologias assistivas, voltadas para a inser\u00e7\u00e3o de portadores de necessidades especiais, bem como o acesso ao conhecimento<\/h2>\t\t\t\t<\/div>\n\t\t\t\t<\/div>\n\t\t\t\t<div class=\"elementor-element elementor-element-6065d50f elementor-widget elementor-widget-text-editor\" data-id=\"6065d50f\" data-element_type=\"widget\" data-widget_type=\"text-editor.default\">\n\t\t\t\t<div class=\"elementor-widget-container\">\n\t\t\t\t\t\t\t\t\t<p>As tecnologias para inclus\u00e3o e acessibilidade est\u00e3o transformando a forma como as empresas abordam as necessidades dos colaboradores e clientes com defici\u00eancia. As Unidades de Pesquisa vinculadas ao arranjo NIT Rio desenvolvem tecnologias assistivas, produtos para promover a inclus\u00e3o de portadores de necessidades especiais, pr\u00f3teses customizadas, com o objetivo de aumentar o rendimento de atletas paraol\u00edmpicos. Investir em PD&amp;I para inclus\u00e3o e acessibilidade \u00e9 uma oportunidade de neg\u00f3cios para empresas que buscam se destacar em um mercado cada vez mais competitivo e socialmente consciente.<\/p>\t\t\t\t\t\t\t\t<\/div>\n\t\t\t\t<\/div>\n\t\t\t\t<\/div>\n\t\t\t\t\t<\/div>\n\t\t\t\t<\/div>\n\t\t<div class=\"elementor-element elementor-element-741c042 e-flex e-con-boxed e-con e-parent\" data-id=\"741c042\" data-element_type=\"container\">\n\t\t\t\t\t<div class=\"e-con-inner\">\n\t\t\t\t<div class=\"elementor-element elementor-element-e08da8f elementor-widget elementor-widget-heading\" data-id=\"e08da8f\" data-element_type=\"widget\" data-widget_type=\"heading.default\">\n\t\t\t\t<div class=\"elementor-widget-container\">\n\t\t\t\t\t<h2 class=\"elementor-heading-title elementor-size-default\">Institui\u00e7\u00f5es que desenvolvem projetos em Inclus\u00e3o e Acessibilidade\n<\/h2>\t\t\t\t<\/div>\n\t\t\t\t<\/div>\n\t\t\t\t\t<\/div>\n\t\t\t\t<\/div>\n\t\t<div class=\"elementor-element elementor-element-61a1349b e-flex e-con-boxed e-con e-parent\" data-id=\"61a1349b\" data-element_type=\"container\">\n\t\t\t\t\t<div class=\"e-con-inner\">\n\t\t\t\t<div class=\"elementor-element elementor-element-d37ef2b elementor-position-left elementor-vertical-align-top elementor-widget elementor-widget-image-box\" data-id=\"d37ef2b\" data-element_type=\"widget\" data-widget_type=\"image-box.default\">\n\t\t\t\t<div class=\"elementor-widget-container\">\n\t\t\t\t\t<div class=\"elementor-image-box-wrapper\"><figure class=\"elementor-image-box-img\"><img decoding=\"async\" width=\"150\" height=\"150\" src=\"https:\/\/nitrio.org.br\/wp-content\/uploads\/2023\/04\/ibict-1.png\" class=\"attachment-full size-full wp-image-1648\" alt=\"\" \/><\/figure><div class=\"elementor-image-box-content\"><p class=\"elementor-image-box-description\">IBICT - Instituto Brasileiro de Informa\u00e7\u00e3o em Ci\u00eancia e Tecnologia<\/p><\/div><\/div>\t\t\t\t<\/div>\n\t\t\t\t<\/div>\n\t\t\t\t<div class=\"elementor-element elementor-element-a323198 elementor-position-left elementor-vertical-align-middle elementor-widget elementor-widget-image-box\" data-id=\"a323198\" data-element_type=\"widget\" data-widget_type=\"image-box.default\">\n\t\t\t\t<div class=\"elementor-widget-container\">\n\t\t\t\t\t<div class=\"elementor-image-box-wrapper\"><figure class=\"elementor-image-box-img\"><img decoding=\"async\" width=\"150\" height=\"150\" src=\"https:\/\/nitrio.org.br\/wp-content\/uploads\/2023\/04\/INT.png\" class=\"attachment-full size-full wp-image-537\" alt=\"\" \/><\/figure><div class=\"elementor-image-box-content\"><p class=\"elementor-image-box-description\">INT - Instituto Nacional de Tecnologia\n<\/p><\/div><\/div>\t\t\t\t<\/div>\n\t\t\t\t<\/div>\n\t\t\t\t\t<\/div>\n\t\t\t\t<\/div>\n\t\t<div class=\"elementor-element elementor-element-74b97d87 e-flex e-con-boxed e-con e-parent\" data-id=\"74b97d87\" data-element_type=\"container\" data-settings=\"{&quot;background_background&quot;:&quot;classic&quot;}\">\n\t\t\t\t\t<div class=\"e-con-inner\">\n\t\t\t\t<div class=\"elementor-element elementor-element-5b9b3ef4 elementor-widget__width-initial elementor-widget elementor-widget-heading\" data-id=\"5b9b3ef4\" data-element_type=\"widget\" data-widget_type=\"heading.default\">\n\t\t\t\t<div class=\"elementor-widget-container\">\n\t\t\t\t\t<h2 class=\"elementor-heading-title elementor-size-default\">Venha explorar nosso ecossistema inovador, compartilhar nossas <br>experi\u00eancias e se conectar.<\/h2>\t\t\t\t<\/div>\n\t\t\t\t<\/div>\n\t\t\t\t<div class=\"elementor-element elementor-element-2852f712 elementor-align-center elementor-widget elementor-widget-button\" data-id=\"2852f712\" data-element_type=\"widget\" data-widget_type=\"button.default\">\n\t\t\t\t<div class=\"elementor-widget-container\">\n\t\t\t\t\t\t\t\t\t<div class=\"elementor-button-wrapper\">\n\t\t\t\t\t<a class=\"elementor-button elementor-button-link elementor-size-sm elementor-animation-grow\" href=\"https:\/\/nitrio.org.br\/?page_id=1711\">\n\t\t\t\t\t\t<span class=\"elementor-button-content-wrapper\">\n\t\t\t\t\t\t\t\t\t<span class=\"elementor-button-text\">Contato<\/span>\n\t\t\t\t\t<\/span>\n\t\t\t\t\t<\/a>\n\t\t\t\t<\/div>\n\t\t\t\t\t\t\t\t<\/div>\n\t\t\t\t<\/div>\n\t\t\t\t\t<\/div>\n\t\t\t\t<\/div>\n\t\t\t\t<\/div>\n\t\t","protected":false},"excerpt":{"rendered":"<p>Inclus\u00e3o e Acessibilidade Previous slide Next slide Tecnologias assistivas, voltadas para a inser\u00e7\u00e3o de portadores de necessidades especiais, bem como o acesso ao conhecimento As tecnologias para inclus\u00e3o e acessibilidade est\u00e3o transformando a forma como as empresas abordam as necessidades dos colaboradores e clientes com defici\u00eancia. As Unidades de Pesquisa vinculadas ao arranjo NIT Rio [&hellip;]<\/p>\n","protected":false},"author":6,"featured_media":0,"parent":0,"menu_order":0,"comment_status":"closed","ping_status":"closed","template":"elementor_header_footer","meta":{"footnotes":""},"class_list":["post-1435","page","type-page","status-publish","hentry"],"_links":{"self":[{"href":"https:\/\/nitrio.org.br\/index.php?rest_route=\/wp\/v2\/pages\/1435","targetHints":{"allow":["GET"]}}],"collection":[{"href":"https:\/\/nitrio.org.br\/index.php?rest_route=\/wp\/v2\/pages"}],"about":[{"href":"https:\/\/nitrio.org.br\/index.php?rest_route=\/wp\/v2\/types\/page"}],"author":[{"embeddable":true,"href":"https:\/\/nitrio.org.br\/index.php?rest_route=\/wp\/v2\/users\/6"}],"replies":[{"embeddable":true,"href":"https:\/\/nitrio.org.br\/index.php?rest_route=%2Fwp%2Fv2%2Fcomments&post=1435"}],"version-history":[{"count":41,"href":"https:\/\/nitrio.org.br\/index.php?rest_route=\/wp\/v2\/pages\/1435\/revisions"}],"predecessor-version":[{"id":3896,"href":"https:\/\/nitrio.org.br\/index.php?rest_route=\/wp\/v2\/pages\/1435\/revisions\/3896"}],"wp:attachment":[{"href":"https:\/\/nitrio.org.br\/index.php?rest_route=%2Fwp%2Fv2%2Fmedia&parent=1435"}],"curies":[{"name":"wp","href":"https:\/\/api.w.org\/{rel}","templated":true}]}}