{"id":1422,"date":"2023-04-26T00:16:27","date_gmt":"2023-04-26T00:16:27","guid":{"rendered":"https:\/\/nitrio.org.br\/?page_id=1422"},"modified":"2023-09-16T20:13:25","modified_gmt":"2023-09-16T20:13:25","slug":"visao-geral-2","status":"publish","type":"page","link":"https:\/\/nitrio.org.br\/?page_id=1422","title":{"rendered":"Vis\u00e3o geral"},"content":{"rendered":"\t\t<div data-elementor-type=\"wp-page\" data-elementor-id=\"1422\" class=\"elementor elementor-1422\" data-elementor-post-type=\"page\">\n\t\t\t\t<div class=\"elementor-element elementor-element-14a1b26c e-flex e-con-boxed e-con e-parent\" data-id=\"14a1b26c\" data-element_type=\"container\" data-settings=\"{&quot;background_background&quot;:&quot;classic&quot;}\">\n\t\t\t\t\t<div class=\"e-con-inner\">\n\t\t<div class=\"elementor-element elementor-element-58069fcf e-con-full e-flex e-con e-parent\" data-id=\"58069fcf\" data-element_type=\"container\">\n\t\t\t\t<div class=\"elementor-element elementor-element-398b16c4 elementor-position-left elementor-vertical-align-top elementor-widget elementor-widget-image-box\" data-id=\"398b16c4\" data-element_type=\"widget\" data-widget_type=\"image-box.default\">\n\t\t\t\t<div class=\"elementor-widget-container\">\n\t\t\t\t\t<div class=\"elementor-image-box-wrapper\"><figure class=\"elementor-image-box-img\"><img decoding=\"async\" width=\"100\" height=\"120\" src=\"https:\/\/nitrio.org.br\/wp-content\/uploads\/2023\/04\/icon-nit.svg\" class=\"attachment-full size-full wp-image-1346\" alt=\"\" \/><\/figure><div class=\"elementor-image-box-content\"><h3 class=\"elementor-image-box-title\">Vis\u00e3o Geral<\/h3><\/div><\/div>\t\t\t\t<\/div>\n\t\t\t\t<\/div>\n\t\t\t\t<\/div>\n\t\t\t\t\t<\/div>\n\t\t\t\t<\/div>\n\t\t<div class=\"elementor-element elementor-element-2a07452e e-flex e-con-boxed e-con e-parent\" data-id=\"2a07452e\" data-element_type=\"container\" data-settings=\"{&quot;background_background&quot;:&quot;classic&quot;}\">\n\t\t\t\t\t<div class=\"e-con-inner\">\n\t\t<div class=\"elementor-element elementor-element-19734823 e-con-full e-flex e-con e-parent\" data-id=\"19734823\" data-element_type=\"container\">\n\t\t\t\t<div class=\"elementor-element elementor-element-7798f554 elementor-widget elementor-widget-heading\" data-id=\"7798f554\" data-element_type=\"widget\" data-widget_type=\"heading.default\">\n\t\t\t\t<div class=\"elementor-widget-container\">\n\t\t\t\t\t<h2 class=\"elementor-heading-title elementor-size-default\">Um pouco sobre o NIT Rio<\/h2>\t\t\t\t<\/div>\n\t\t\t\t<\/div>\n\t\t\t\t<div class=\"elementor-element elementor-element-6b17f19 elementor-widget elementor-widget-text-editor\" data-id=\"6b17f19\" data-element_type=\"widget\" data-widget_type=\"text-editor.default\">\n\t\t\t\t<div class=\"elementor-widget-container\">\n\t\t\t\t\t\t\t\t\t<p>O NIT Rio \u00e9 um arranjo dos N\u00facleos de Inova\u00e7\u00e3o Tecnol\u00f3gica de oito Unidades de Pesquisa do estado do Rio de Janeiro \u2013 CBPF, CETEM, IBICT, IMPA, INT, LNCC, MAST e ON \u2013, que est\u00e1 ligado ao Departamento de Unidades Vinculadas, na Subsecretaria de Unidades de Pesquisa e Organiza\u00e7\u00f5es Sociais (SPEO\/SEXEC) do Minist\u00e9rio da Ci\u00eancia, Tecnologia e Inova\u00e7\u00e3o (MCTI).<\/p><p>Fundado em 2007 no \u00e2mbito do Centro Brasileiro de Pesquisas F\u00edsicas (CBPF), o NIT Rio j\u00e1 conta com mais de duzentos gerenciamentos de pedidos de propriedade intelectual registrados no Instituto Nacional da Propriedade Industrial (INPI) e mais de trezentos inventores cadastrados em nossos sistemas.<\/p>\t\t\t\t\t\t\t\t<\/div>\n\t\t\t\t<\/div>\n\t\t\t\t<\/div>\n\t\t\t\t\t<\/div>\n\t\t\t\t<\/div>\n\t\t<div class=\"elementor-element elementor-element-7a696fd9 e-flex e-con-boxed e-con e-parent\" data-id=\"7a696fd9\" data-element_type=\"container\" data-settings=\"{&quot;background_background&quot;:&quot;classic&quot;}\">\n\t\t\t\t\t<div class=\"e-con-inner\">\n\t\t<div class=\"elementor-element elementor-element-6ab5b4de e-con-full e-flex e-con e-parent\" data-id=\"6ab5b4de\" data-element_type=\"container\">\n\t\t\t\t<div class=\"elementor-element elementor-element-29ee2901 elementor-widget elementor-widget-heading\" data-id=\"29ee2901\" data-element_type=\"widget\" data-widget_type=\"heading.default\">\n\t\t\t\t<div class=\"elementor-widget-container\">\n\t\t\t\t\t<h2 class=\"elementor-heading-title elementor-size-default\">Atribui\u00e7\u00f5es<\/h2>\t\t\t\t<\/div>\n\t\t\t\t<\/div>\n\t\t\t\t<div class=\"elementor-element elementor-element-3ebcc130 elementor-widget elementor-widget-text-editor\" data-id=\"3ebcc130\" data-element_type=\"widget\" data-widget_type=\"text-editor.default\">\n\t\t\t\t<div class=\"elementor-widget-container\">\n\t\t\t\t\t\t\t\t\t<p>Nossa fun\u00e7\u00e3o \u00e9 atuar em toda a cadeia da inova\u00e7\u00e3o tecnol\u00f3gica, executando atividades relacionadas \u00e0 gest\u00e3o da propriedade intelectual, negocia\u00e7\u00e3o de parcerias com o setor produtivo e \u00e0 transfer\u00eancia de tecnologia. Nossos esfor\u00e7os s\u00e3o destinados a identificar tecnologias das Unidades de Pesquisa associadas, incentivando o empreendedorismo e a inova\u00e7\u00e3o. Buscamos motivar intera\u00e7\u00f5es entre entidades do setor p\u00fablico e privado com as Unidades de Pesquisa associadas ao NIT Rio, trazendo solu\u00e7\u00f5es para os mais diversos desafios e melhorias para a sociedade como um todo.<\/p>\t\t\t\t\t\t\t\t<\/div>\n\t\t\t\t<\/div>\n\t\t\t\t<\/div>\n\t\t\t\t\t<\/div>\n\t\t\t\t<\/div>\n\t\t<div class=\"elementor-element elementor-element-5f99b512 e-flex e-con-boxed e-con e-parent\" data-id=\"5f99b512\" data-element_type=\"container\" data-settings=\"{&quot;background_background&quot;:&quot;classic&quot;}\">\n\t\t\t\t\t<div class=\"e-con-inner\">\n\t\t<div class=\"elementor-element elementor-element-7614660d e-con-full e-flex e-con e-parent\" data-id=\"7614660d\" data-element_type=\"container\">\n\t\t\t\t<div class=\"elementor-element elementor-element-188c5c41 elementor-widget elementor-widget-text-editor\" data-id=\"188c5c41\" data-element_type=\"widget\" data-widget_type=\"text-editor.default\">\n\t\t\t\t<div class=\"elementor-widget-container\">\n\t\t\t\t\t\t\t\t\t<p><span style=\"font-weight: 400;\">O NIT Rio, conforme a Portaria MCTIC n\u00ba 5.276, de 15.10.2018, que estabelece os arranjos dos N\u00facleos de Inova\u00e7\u00e3o Tecnol\u00f3gica no Brasil e suas respectivas Unidades de Pesquisa e Organiza\u00e7\u00f5es Sociais integrantes, \u00e9 atuante em toda a cadeia de inova\u00e7\u00e3o tecnol\u00f3gica, onde se aplica a legisla\u00e7\u00e3o federal pertinente \u00e0 inova\u00e7\u00e3o, bem como os atos normativos do MCTI e das Unidades de Pesquisa integrantes do Arranjo, incumbindo-lhe as seguintes compet\u00eancias (Art. 16 da Lei n\u00ba 10.973\/2004 e Art. 12 do anexo \u00e0 Portaria MCTI n\u00ba 251\/2014):<\/span><\/p>\n<ol>\n<li style=\"font-weight: 400;\" aria-level=\"1\"><span style=\"font-weight: 400;\">Zelar pela manuten\u00e7\u00e3o da pol\u00edtica institucional de est\u00edmulo \u00e0 prote\u00e7\u00e3o das cria\u00e7\u00f5es, licenciamento, inova\u00e7\u00e3o e outras formas de transfer\u00eancia de tecnologia;<\/span><\/li>\n<li style=\"\" aria-level=\"1\"><span style=\"font-weight: 400;\">Avaliar periodicamente e classificar a aplicabilidade dos resultados com potencial de indu\u00e7\u00e3o das atividades de Pesquisa, Desenvolvimento e Inova\u00e7\u00e3o (PD&amp;I) nos&nbsp;<\/span>projetos tecnol\u00f3gicos de inova\u00e7\u00e3o;<\/li>\n<li style=\"font-weight: 400;\" aria-level=\"1\"><span style=\"font-weight: 400;\">Avaliar a conveni\u00eancia da solicita\u00e7\u00e3o de inventor independente para ado\u00e7\u00e3o de cria\u00e7\u00e3o, nos termos de regulamenta\u00e7\u00e3o espec\u00edfica;<\/span><\/li>\n<li style=\"font-weight: 400;\" aria-level=\"1\"><span style=\"font-weight: 400;\">Analisar os pressupostos de patenteabilidade e opinar pela conveni\u00eancia de promover a prote\u00e7\u00e3o das cria\u00e7\u00f5es desenvolvidas nas Institui\u00e7\u00f5es de Ci\u00eancia e Tecnologia (ICTs) ou em parceria com o setor produtivo;<\/span><\/li>\n<li style=\"font-weight: 400;\" aria-level=\"1\"><span style=\"font-weight: 400;\">Opinar quanto \u00e0 conveni\u00eancia de divulga\u00e7\u00e3o das cria\u00e7\u00f5es desenvolvidas nas ICTs ou em parceria com o setor produtivo, pass\u00edveis de prote\u00e7\u00e3o intelectual;<\/span><\/li>\n<li style=\"font-weight: 400;\" aria-level=\"1\"><span style=\"font-weight: 400;\">Acompanhar e zelar pelo processamento dos pedidos e a manuten\u00e7\u00e3o dos t\u00edtulos de propriedade intelectual das ICTs e em regime de cotitularidade com parceiros;<\/span><\/li>\n<li style=\"font-weight: 400;\" aria-level=\"1\"><span style=\"font-weight: 400;\">Desenvolver estudos de prospec\u00e7\u00e3o tecnol\u00f3gica no campo da propriedade intelectual, de forma a orientar as a\u00e7\u00f5es de inova\u00e7\u00e3o das ICTs;<\/span><\/li>\n<li style=\"font-weight: 400;\" aria-level=\"1\"><span style=\"font-weight: 400;\">Desenvolver estudos e estrat\u00e9gias para a transfer\u00eancia de inova\u00e7\u00e3o gerada pelas ICTs;<\/span><\/li>\n<li style=\"font-weight: 400;\" aria-level=\"1\"><span style=\"font-weight: 400;\">Promover e acompanhar o relacionamento das ICTs com empresas nas atividades voltadas \u00e0 inova\u00e7\u00e3o;<\/span><\/li>\n<li style=\"font-weight: 400;\" aria-level=\"1\"><span style=\"font-weight: 400;\">Auxiliar nas negocia\u00e7\u00f5es e promover a\u00e7\u00f5es de transfer\u00eancia, licenciamento e comercializa\u00e7\u00e3o de tecnologias e diligenciar toda e qualquer iniciativa que vise este prop\u00f3sito nas ICTs;<\/span><\/li>\n<li style=\"font-weight: 400;\" aria-level=\"1\"><span style=\"font-weight: 400;\">Orientar e apoiar as ICTs do Arranjo NIT Rio na elabora\u00e7\u00e3o de crit\u00e9rios para levantamento dos custos das pesquisas e utiliza\u00e7\u00e3o dos laborat\u00f3rios, precifica\u00e7\u00e3o de servi\u00e7os tecnol\u00f3gicos e valora\u00e7\u00e3o de tecnologias;<\/span><\/li>\n<li style=\"font-weight: 400;\" aria-level=\"1\"><span style=\"font-weight: 400;\">Criar banco de dados das pesquisas, tecnologias e compet\u00eancias das ICTs a eles associadas;<\/span><\/li>\n<li style=\"font-weight: 400;\" aria-level=\"1\"><span style=\"font-weight: 400;\">Desenvolver estudos e estrat\u00e9gias para a transfer\u00eancia de inova\u00e7\u00e3o gerada pelas ICTs;<\/span><\/li>\n<li style=\"font-weight: 400;\" aria-level=\"1\"><span style=\"font-weight: 400;\">Promover e acompanhar o relacionamento das ICTs com empresas nas atividades voltadas \u00e0 inova\u00e7\u00e3o;<\/span><\/li>\n<li style=\"font-weight: 400;\" aria-level=\"1\"><span style=\"font-weight: 400;\">Auxiliar nas negocia\u00e7\u00f5es e promover a\u00e7\u00f5es de transfer\u00eancia, licenciamento e comercializa\u00e7\u00e3o de tecnologias e diligenciar toda e qualquer iniciativa que vise este prop\u00f3sito nas ICTs;<\/span><\/li>\n<li style=\"font-weight: 400;\" aria-level=\"1\"><span style=\"font-weight: 400;\">Orientar e apoiar as ICTs do Arranjo NIT Rio na elabora\u00e7\u00e3o de crit\u00e9rios para levantamento dos custos das pesquisas e utiliza\u00e7\u00e3o dos laborat\u00f3rios, precifica\u00e7\u00e3o de servi\u00e7os tecnol\u00f3gicos e valora\u00e7\u00e3o de tecnologias;<\/span><\/li>\n<li style=\"font-weight: 400;\" aria-level=\"1\"><span style=\"font-weight: 400;\">Criar banco de dados das pesquisas, tecnologias e compet\u00eancias das ICTs a eles associadas.<\/span><\/li>\n<\/ol>\t\t\t\t\t\t\t\t<\/div>\n\t\t\t\t<\/div>\n\t\t\t\t<\/div>\n\t\t\t\t\t<\/div>\n\t\t\t\t<\/div>\n\t\t\t\t<\/div>\n\t\t","protected":false},"excerpt":{"rendered":"<p>Vis\u00e3o Geral Um pouco sobre o NIT Rio O NIT Rio \u00e9 um arranjo dos N\u00facleos de Inova\u00e7\u00e3o Tecnol\u00f3gica de oito Unidades de Pesquisa do estado do Rio de Janeiro \u2013 CBPF, CETEM, IBICT, IMPA, INT, LNCC, MAST e ON \u2013, que est\u00e1 ligado ao Departamento de Unidades Vinculadas, na Subsecretaria de Unidades de Pesquisa [&hellip;]<\/p>\n","protected":false},"author":6,"featured_media":0,"parent":0,"menu_order":0,"comment_status":"closed","ping_status":"closed","template":"elementor_header_footer","meta":{"footnotes":""},"class_list":["post-1422","page","type-page","status-publish","hentry"],"_links":{"self":[{"href":"https:\/\/nitrio.org.br\/index.php?rest_route=\/wp\/v2\/pages\/1422","targetHints":{"allow":["GET"]}}],"collection":[{"href":"https:\/\/nitrio.org.br\/index.php?rest_route=\/wp\/v2\/pages"}],"about":[{"href":"https:\/\/nitrio.org.br\/index.php?rest_route=\/wp\/v2\/types\/page"}],"author":[{"embeddable":true,"href":"https:\/\/nitrio.org.br\/index.php?rest_route=\/wp\/v2\/users\/6"}],"replies":[{"embeddable":true,"href":"https:\/\/nitrio.org.br\/index.php?rest_route=%2Fwp%2Fv2%2Fcomments&post=1422"}],"version-history":[{"count":38,"href":"https:\/\/nitrio.org.br\/index.php?rest_route=\/wp\/v2\/pages\/1422\/revisions"}],"predecessor-version":[{"id":3650,"href":"https:\/\/nitrio.org.br\/index.php?rest_route=\/wp\/v2\/pages\/1422\/revisions\/3650"}],"wp:attachment":[{"href":"https:\/\/nitrio.org.br\/index.php?rest_route=%2Fwp%2Fv2%2Fmedia&parent=1422"}],"curies":[{"name":"wp","href":"https:\/\/api.w.org\/{rel}","templated":true}]}}