{"id":1323,"date":"2023-04-25T23:11:33","date_gmt":"2023-04-25T23:11:33","guid":{"rendered":"https:\/\/nitrio.org.br\/?page_id=1323"},"modified":"2024-02-20T20:18:52","modified_gmt":"2024-02-20T20:18:52","slug":"sustentabilidade-e-agtech-agro","status":"publish","type":"page","link":"https:\/\/nitrio.org.br\/?page_id=1323","title":{"rendered":"Sustentabilidade (AGTECH)"},"content":{"rendered":"\t\t<div data-elementor-type=\"wp-page\" data-elementor-id=\"1323\" class=\"elementor elementor-1323\" data-elementor-post-type=\"page\">\n\t\t\t\t<div class=\"elementor-element elementor-element-3618e7f1 e-flex e-con-boxed e-con e-parent\" data-id=\"3618e7f1\" data-element_type=\"container\" data-settings=\"{&quot;background_background&quot;:&quot;classic&quot;}\">\n\t\t\t\t\t<div class=\"e-con-inner\">\n\t\t<div class=\"elementor-element elementor-element-37319580 e-con-full e-flex e-con e-parent\" data-id=\"37319580\" data-element_type=\"container\">\n\t\t\t\t<div class=\"elementor-element elementor-element-1ced6ecb elementor-position-left elementor-vertical-align-top elementor-widget elementor-widget-image-box\" data-id=\"1ced6ecb\" data-element_type=\"widget\" data-widget_type=\"image-box.default\">\n\t\t\t\t<div class=\"elementor-widget-container\">\n\t\t\t\t\t<div class=\"elementor-image-box-wrapper\"><figure class=\"elementor-image-box-img\"><img decoding=\"async\" width=\"100\" height=\"120\" src=\"https:\/\/nitrio.org.br\/wp-content\/uploads\/2023\/04\/icon-nit2.svg\" class=\"attachment-full size-full wp-image-1337\" alt=\"\" \/><\/figure><div class=\"elementor-image-box-content\"><h3 class=\"elementor-image-box-title\">Sustentabilidade <br> e Agtech (AGRO)<\/h3><\/div><\/div>\t\t\t\t<\/div>\n\t\t\t\t<\/div>\n\t\t\t\t<\/div>\n\t\t\t\t\t<\/div>\n\t\t\t\t<\/div>\n\t\t<div class=\"elementor-element elementor-element-587dcf29 e-flex e-con-boxed e-con e-parent\" data-id=\"587dcf29\" data-element_type=\"container\" data-settings=\"{&quot;background_background&quot;:&quot;classic&quot;}\">\n\t\t\t\t\t<div class=\"e-con-inner\">\n\t\t\t\t<div class=\"elementor-element elementor-element-a00734b elementor-widget__width-initial elementor-arrows-position-inside elementor-pagination-position-inside elementor-widget elementor-widget-slides\" data-id=\"a00734b\" data-element_type=\"widget\" data-settings=\"{&quot;navigation&quot;:&quot;both&quot;,&quot;autoplay&quot;:&quot;yes&quot;,&quot;pause_on_hover&quot;:&quot;yes&quot;,&quot;pause_on_interaction&quot;:&quot;yes&quot;,&quot;autoplay_speed&quot;:5000,&quot;infinite&quot;:&quot;yes&quot;,&quot;transition&quot;:&quot;slide&quot;,&quot;transition_speed&quot;:500}\" data-widget_type=\"slides.default\">\n\t\t\t\t<div class=\"elementor-widget-container\">\n\t\t\t\t\t\t\t\t\t<div class=\"elementor-swiper\">\n\t\t\t\t\t<div class=\"elementor-slides-wrapper elementor-main-swiper swiper\" role=\"region\" aria-roledescription=\"carousel\" aria-label=\"Slides\" dir=\"ltr\" data-animation=\"fadeInUp\">\n\t\t\t\t<div class=\"swiper-wrapper elementor-slides\">\n\t\t\t\t\t\t\t\t\t\t<div class=\"elementor-repeater-item-fdef51e swiper-slide\" role=\"group\" aria-roledescription=\"slide\"><div class=\"swiper-slide-bg\" role=\"img\" aria-label=\"sutentabilidade-e-agtech-2\"><\/div><div class=\"swiper-slide-inner\" ><div class=\"swiper-slide-contents\"><\/div><\/div><\/div>\t\t\t\t<\/div>\n\t\t\t\t\t\t\t<\/div>\n\t\t\t\t<\/div>\n\t\t\t\t\t\t\t\t<\/div>\n\t\t\t\t<\/div>\n\t\t<div class=\"elementor-element elementor-element-71429a88 e-con-full e-flex e-con e-parent\" data-id=\"71429a88\" data-element_type=\"container\">\n\t\t\t\t<div class=\"elementor-element elementor-element-3e2cde98 elementor-widget elementor-widget-heading\" data-id=\"3e2cde98\" data-element_type=\"widget\" data-widget_type=\"heading.default\">\n\t\t\t\t<div class=\"elementor-widget-container\">\n\t\t\t\t\t<h2 class=\"elementor-heading-title elementor-size-default\">Tecnologias de uso respons\u00e1vel ou voltadas para o agroneg\u00f3cio\n<\/h2>\t\t\t\t<\/div>\n\t\t\t\t<\/div>\n\t\t\t\t<div class=\"elementor-element elementor-element-7f3f6b61 elementor-widget elementor-widget-text-editor\" data-id=\"7f3f6b61\" data-element_type=\"widget\" data-widget_type=\"text-editor.default\">\n\t\t\t\t<div class=\"elementor-widget-container\">\n\t\t\t\t\t\t\t\t\t<p>Tecnologias sustent\u00e1veis visam minimizar o impacto ambiental e promover a conserva\u00e7\u00e3o dos recursos naturais. Na \u00e1rea do agroneg\u00f3cio, essas tecnologias s\u00e3o cada vez mais importantes para garantir a produtividade e a rentabilidade do setor sem prejudicar o meio ambiente. As Unidades de Pesquisa que comp\u00f5em o arranjo NIT Rio pesquisam e desenvolvem tecnologias inovadoras em Ci\u00eancia de Alimentos, Qu\u00edmica Ambiental, Agrominerais e Bioeconomia, tal como o uso de aplica\u00e7\u00f5es de rochas fosf\u00e1ticas na agricultura como uma forma de substituir fertilizantes, agressivos ao solo e \u00e0s planta\u00e7\u00f5es. Outra tecnologia s\u00e3o os dispositivos para avalia\u00e7\u00e3o de propriedade f\u00edsico-h\u00eddricas do solo, permitindo maior agilidade e precis\u00e3o quanto \u00e0s necessidades nutricionais das planta\u00e7\u00f5es. Desta forma, o agricultor consegue racionalizar o uso e a economia de fertilizantes, representando at\u00e9 30% dos custos agr\u00edcolas. Essas tecnologias ajudam a reduzir o uso de agrot\u00f3xicos, a economizar \u00e1gua e a preservar o solo, contribuindo para o meio ambiente e um agroneg\u00f3cio sustent\u00e1vel.<\/p>\t\t\t\t\t\t\t\t<\/div>\n\t\t\t\t<\/div>\n\t\t\t\t<\/div>\n\t\t\t\t\t<\/div>\n\t\t\t\t<\/div>\n\t\t<div class=\"elementor-element elementor-element-c779833 e-flex e-con-boxed e-con e-parent\" data-id=\"c779833\" data-element_type=\"container\">\n\t\t\t\t\t<div class=\"e-con-inner\">\n\t\t\t\t<div class=\"elementor-element elementor-element-b5309a4 elementor-widget elementor-widget-heading\" data-id=\"b5309a4\" data-element_type=\"widget\" data-widget_type=\"heading.default\">\n\t\t\t\t<div class=\"elementor-widget-container\">\n\t\t\t\t\t<h2 class=\"elementor-heading-title elementor-size-default\">Institui\u00e7\u00f5es que desenvolvem projetos em Sustentabilidade e Agtech (agro)\n<\/h2>\t\t\t\t<\/div>\n\t\t\t\t<\/div>\n\t\t\t\t\t<\/div>\n\t\t\t\t<\/div>\n\t\t<div class=\"elementor-element elementor-element-4bddfb7f e-flex e-con-boxed e-con e-parent\" data-id=\"4bddfb7f\" data-element_type=\"container\">\n\t\t\t\t\t<div class=\"e-con-inner\">\n\t\t\t\t<div class=\"elementor-element elementor-element-208562f2 elementor-position-left elementor-vertical-align-top elementor-widget elementor-widget-image-box\" data-id=\"208562f2\" data-element_type=\"widget\" data-widget_type=\"image-box.default\">\n\t\t\t\t<div class=\"elementor-widget-container\">\n\t\t\t\t\t<div class=\"elementor-image-box-wrapper\"><figure class=\"elementor-image-box-img\"><img fetchpriority=\"high\" decoding=\"async\" width=\"468\" height=\"261\" src=\"https:\/\/nitrio.org.br\/wp-content\/uploads\/2023\/04\/CETEM.png\" class=\"attachment-full size-full wp-image-365\" alt=\"\" srcset=\"https:\/\/nitrio.org.br\/wp-content\/uploads\/2023\/04\/CETEM.png 468w, https:\/\/nitrio.org.br\/wp-content\/uploads\/2023\/04\/CETEM-300x167.png 300w\" sizes=\"(max-width: 468px) 100vw, 468px\" \/><\/figure><div class=\"elementor-image-box-content\"><p class=\"elementor-image-box-description\">CETEM - Centro de Tecnologia Mineral<\/p><\/div><\/div>\t\t\t\t<\/div>\n\t\t\t\t<\/div>\n\t\t\t\t<div class=\"elementor-element elementor-element-321bf78a elementor-position-left elementor-vertical-align-middle elementor-widget elementor-widget-image-box\" data-id=\"321bf78a\" data-element_type=\"widget\" data-widget_type=\"image-box.default\">\n\t\t\t\t<div class=\"elementor-widget-container\">\n\t\t\t\t\t<div class=\"elementor-image-box-wrapper\"><figure class=\"elementor-image-box-img\"><img decoding=\"async\" width=\"150\" height=\"150\" src=\"https:\/\/nitrio.org.br\/wp-content\/uploads\/2023\/04\/INT.png\" class=\"attachment-full size-full wp-image-537\" alt=\"\" \/><\/figure><div class=\"elementor-image-box-content\"><p class=\"elementor-image-box-description\">INT - Instituto Nacional de Tecnologia\n<\/p><\/div><\/div>\t\t\t\t<\/div>\n\t\t\t\t<\/div>\n\t\t\t\t<div class=\"elementor-element elementor-element-7fcff85 elementor-position-left elementor-vertical-align-middle elementor-widget elementor-widget-image-box\" data-id=\"7fcff85\" data-element_type=\"widget\" data-widget_type=\"image-box.default\">\n\t\t\t\t<div class=\"elementor-widget-container\">\n\t\t\t\t\t<div class=\"elementor-image-box-wrapper\"><figure class=\"elementor-image-box-img\"><img loading=\"lazy\" decoding=\"async\" width=\"150\" height=\"150\" src=\"https:\/\/nitrio.org.br\/wp-content\/uploads\/2023\/04\/ibict-1.png\" class=\"attachment-full size-full wp-image-1648\" alt=\"\" \/><\/figure><div class=\"elementor-image-box-content\"><p class=\"elementor-image-box-description\">IBICT - Instituto Brasileiro de Informa\u00e7\u00e3o em Ci\u00eancia e Tecnologia<\/p><\/div><\/div>\t\t\t\t<\/div>\n\t\t\t\t<\/div>\n\t\t\t\t\t<\/div>\n\t\t\t\t<\/div>\n\t\t<div class=\"elementor-element elementor-element-4dd34c34 e-flex e-con-boxed e-con e-parent\" data-id=\"4dd34c34\" data-element_type=\"container\" data-settings=\"{&quot;background_background&quot;:&quot;classic&quot;}\">\n\t\t\t\t\t<div class=\"e-con-inner\">\n\t\t\t\t<div class=\"elementor-element elementor-element-45c01e8e elementor-widget__width-initial elementor-widget elementor-widget-heading\" data-id=\"45c01e8e\" data-element_type=\"widget\" data-widget_type=\"heading.default\">\n\t\t\t\t<div class=\"elementor-widget-container\">\n\t\t\t\t\t<h2 class=\"elementor-heading-title elementor-size-default\">Venha explorar nosso ecossistema inovador, compartilhar nossas <br>experi\u00eancias e se conectar.<\/h2>\t\t\t\t<\/div>\n\t\t\t\t<\/div>\n\t\t\t\t<div class=\"elementor-element elementor-element-51f93037 elementor-align-center elementor-widget elementor-widget-button\" data-id=\"51f93037\" data-element_type=\"widget\" data-widget_type=\"button.default\">\n\t\t\t\t<div class=\"elementor-widget-container\">\n\t\t\t\t\t\t\t\t\t<div class=\"elementor-button-wrapper\">\n\t\t\t\t\t<a class=\"elementor-button elementor-button-link elementor-size-sm elementor-animation-grow\" href=\"https:\/\/nitrio.org.br\/?page_id=1711\">\n\t\t\t\t\t\t<span class=\"elementor-button-content-wrapper\">\n\t\t\t\t\t\t\t\t\t<span class=\"elementor-button-text\">Contato<\/span>\n\t\t\t\t\t<\/span>\n\t\t\t\t\t<\/a>\n\t\t\t\t<\/div>\n\t\t\t\t\t\t\t\t<\/div>\n\t\t\t\t<\/div>\n\t\t\t\t\t<\/div>\n\t\t\t\t<\/div>\n\t\t\t\t<\/div>\n\t\t","protected":false},"excerpt":{"rendered":"<p>Sustentabilidade e Agtech (AGRO) Tecnologias de uso respons\u00e1vel ou voltadas para o agroneg\u00f3cio Tecnologias sustent\u00e1veis visam minimizar o impacto ambiental e promover a conserva\u00e7\u00e3o dos recursos naturais. Na \u00e1rea do agroneg\u00f3cio, essas tecnologias s\u00e3o cada vez mais importantes para garantir a produtividade e a rentabilidade do setor sem prejudicar o meio ambiente. As Unidades de [&hellip;]<\/p>\n","protected":false},"author":6,"featured_media":0,"parent":0,"menu_order":0,"comment_status":"closed","ping_status":"closed","template":"elementor_header_footer","meta":{"footnotes":""},"class_list":["post-1323","page","type-page","status-publish","hentry"],"_links":{"self":[{"href":"https:\/\/nitrio.org.br\/index.php?rest_route=\/wp\/v2\/pages\/1323","targetHints":{"allow":["GET"]}}],"collection":[{"href":"https:\/\/nitrio.org.br\/index.php?rest_route=\/wp\/v2\/pages"}],"about":[{"href":"https:\/\/nitrio.org.br\/index.php?rest_route=\/wp\/v2\/types\/page"}],"author":[{"embeddable":true,"href":"https:\/\/nitrio.org.br\/index.php?rest_route=\/wp\/v2\/users\/6"}],"replies":[{"embeddable":true,"href":"https:\/\/nitrio.org.br\/index.php?rest_route=%2Fwp%2Fv2%2Fcomments&post=1323"}],"version-history":[{"count":80,"href":"https:\/\/nitrio.org.br\/index.php?rest_route=\/wp\/v2\/pages\/1323\/revisions"}],"predecessor-version":[{"id":3881,"href":"https:\/\/nitrio.org.br\/index.php?rest_route=\/wp\/v2\/pages\/1323\/revisions\/3881"}],"wp:attachment":[{"href":"https:\/\/nitrio.org.br\/index.php?rest_route=%2Fwp%2Fv2%2Fmedia&parent=1323"}],"curies":[{"name":"wp","href":"https:\/\/api.w.org\/{rel}","templated":true}]}}